{"id":201,"date":"2019-07-22T22:13:08","date_gmt":"2019-07-23T02:13:08","guid":{"rendered":"http:\/\/dev.arenafernandasselin.com\/?page_id=201"},"modified":"2023-12-03T16:44:42","modified_gmt":"2023-12-03T21:44:42","slug":"reglements-de-larena","status":"publish","type":"page","link":"https:\/\/arenafernandasselin.com\/?page_id=201","title":{"rendered":"R\u00e8glements de l&rsquo;ar\u00e9na"},"content":{"rendered":"\n<ul>\n<li class=\"has-medium-font-size\">L\u2019ar\u00e9na se d\u00e9gage de toute responsabilit\u00e9 en cas d\u2019accident, de blessure, de vol, de perte ou de bris d\u2019\u00e9quipement. \u00c0 vos propres risques. Pour les urgences, composez le 9-1-1.<\/li>\n\n\n\n<li class=\"has-medium-font-size\">Le port du casque est obligatoire pour les parties de hockey.  Le port de la visi\u00e8re compl\u00e8te ainsi que du prot\u00e8ge cou est fortement recommand\u00e9.<\/li>\n\n\n\n<li class=\"has-medium-font-size\">La direction de l&rsquo;ar\u00e9na permet aux participants d&#8217;emprunter la glace au maximum 15 minutes avant le d\u00e9but de votre location si la glace n&rsquo;est pas d\u00e9j\u00e0 occup\u00e9e.<\/li>\n\n\n\n<li class=\"has-medium-font-size\">Les participants doivent respecter, \u00e9couter et adh\u00e9rer aux instructions de la personne en charge de l&rsquo;ar\u00e9na, du superviseur, de l&rsquo;entra\u00eeneur ou de l\u2019arbitre en tout temps.<\/li>\n\n\n\n<li class=\"has-medium-font-size\">Il est strictement interdit de fumer dans l\u2019ar\u00e9na incluant dans les vestiaires des joueurs.<\/li>\n\n\n\n<li class=\"has-medium-font-size\">Les participants doivent quitter promptement la glace \u00e0 la fin d\u2019une session et ramasser toutes les rondelles et accessoires avant que le resurfa\u00e7age de la glace ne d\u00e9bute.<\/li>\n\n\n\n<li class=\"has-medium-font-size\">Il est interdit de s\u2019introduire sur la glace tant que les portes d&rsquo;acc\u00e8s de la resurfaceuse ne soient ferm\u00e9es.  Toutefois, une personne peut aider le conducteur de la resurfaceuse \u00e0 d\u00e9placer les buts afin d\u2019acc\u00e9l\u00e9rer le resurfa\u00e7age de la glace.<\/li>\n\n\n\n<li class=\"has-medium-font-size\">Il est interdit de patiner pendant le resurfa\u00e7age de la glace; le pr\u00e9pos\u00e9 retournera au garage avec la Zamboni sans terminer le resurfa\u00e7age.<\/li>\n\n\n\n<li class=\"has-medium-font-size\">Il est interdit de sortir des rondelles avant la fermeture des portes d&rsquo;acc\u00e8s de la resurfaceuse ne soient ferm\u00e9es.<\/li>\n\n\n\n<li class=\"has-medium-font-size\">Les vestiaires des joueurs doivent \u00eatre lib\u00e9r\u00e9es au maximum une heure apr\u00e8s votre activit\u00e9.<\/li>\n\n\n\n<li class=\"has-medium-font-size\">Il est interdit de laisser des enfants participer aux r\u00e9chauffements (warmup) des parties de hockey adulte.<\/li>\n\n\n\n<li class=\"has-medium-font-size\">ll est recommand\u00e9 qu&rsquo;une personne responsable supervise les jeunes enfants et les patineurs sans exp\u00e9rience.<\/li>\n\n\n\n<li class=\"has-medium-font-size\">Il est interdit de patiner avec des enfants ou de gros objets dans les bras.<\/li>\n\n\n\n<li class=\"has-medium-font-size\">La direction de l\u2019ar\u00e9na se r\u00e9serve le droit, \u00e0 sa propre discr\u00e9tion, de refuser l\u2019admission ou d\u2019expulser quiconque qui ne respecte pas les r\u00e8glements.<\/li>\n\n\n\n<li class=\"has-medium-font-size\">SVP aidez-nous \u00e0 garder l&rsquo;ar\u00e9na propre en jetant vos d\u00e9chets dans les poubelles mises \u00e0 votre disposition.<\/li>\n<\/ul>\n","protected":false},"excerpt":{"rendered":"","protected":false},"author":1,"featured_media":0,"parent":0,"menu_order":0,"comment_status":"closed","ping_status":"closed","template":"","meta":{"footnotes":""},"yoast_head":"<!-- This site is optimized with the Yoast SEO plugin v24.5 - https:\/\/yoast.com\/wordpress\/plugins\/seo\/ -->\n<title>R\u00e8glements de l&#039;ar\u00e9na - Ar\u00e9na Fernand-Asselin<\/title>\n<meta name=\"robots\" content=\"index, follow, max-snippet:-1, max-image-preview:large, max-video-preview:-1\" \/>\n<link rel=\"canonical\" href=\"https:\/\/arenafernandasselin.com\/?page_id=201\" \/>\n<meta property=\"og:locale\" content=\"fr_CA\" \/>\n<meta property=\"og:type\" content=\"article\" \/>\n<meta property=\"og:title\" content=\"R\u00e8glements de l&#039;ar\u00e9na - Ar\u00e9na Fernand-Asselin\" \/>\n<meta property=\"og:url\" content=\"https:\/\/arenafernandasselin.com\/?page_id=201\" \/>\n<meta property=\"og:site_name\" content=\"Ar\u00e9na Fernand-Asselin\" \/>\n<meta property=\"article:modified_time\" content=\"2023-12-03T21:44:42+00:00\" \/>\n<meta name=\"twitter:card\" content=\"summary_large_image\" \/>\n<meta name=\"twitter:label1\" content=\"Estimation du temps de lecture\" \/>\n\t<meta name=\"twitter:data1\" content=\"2 minutes\" \/>\n<script type=\"application\/ld+json\" class=\"yoast-schema-graph\">{\"@context\":\"https:\/\/schema.org\",\"@graph\":[{\"@type\":\"WebPage\",\"@id\":\"https:\/\/arenafernandasselin.com\/?page_id=201\",\"url\":\"https:\/\/arenafernandasselin.com\/?page_id=201\",\"name\":\"R\u00e8glements de l'ar\u00e9na - Ar\u00e9na Fernand-Asselin\",\"isPartOf\":{\"@id\":\"https:\/\/arenafernandasselin.com\/#website\"},\"datePublished\":\"2019-07-23T02:13:08+00:00\",\"dateModified\":\"2023-12-03T21:44:42+00:00\",\"breadcrumb\":{\"@id\":\"https:\/\/arenafernandasselin.com\/?page_id=201#breadcrumb\"},\"inLanguage\":\"fr-CA\",\"potentialAction\":[{\"@type\":\"ReadAction\",\"target\":[\"https:\/\/arenafernandasselin.com\/?page_id=201\"]}]},{\"@type\":\"BreadcrumbList\",\"@id\":\"https:\/\/arenafernandasselin.com\/?page_id=201#breadcrumb\",\"itemListElement\":[{\"@type\":\"ListItem\",\"position\":1,\"name\":\"Accueil\",\"item\":\"https:\/\/arenafernandasselin.com\/\"},{\"@type\":\"ListItem\",\"position\":2,\"name\":\"R\u00e8glements de l&rsquo;ar\u00e9na\"}]},{\"@type\":\"WebSite\",\"@id\":\"https:\/\/arenafernandasselin.com\/#website\",\"url\":\"https:\/\/arenafernandasselin.com\/\",\"name\":\"Ar\u00e9na Fernand-Asselin\",\"description\":\"L&#039;endroit le plus cool de Trois-Rivi\u00e8res!\",\"publisher\":{\"@id\":\"https:\/\/arenafernandasselin.com\/#organization\"},\"potentialAction\":[{\"@type\":\"SearchAction\",\"target\":{\"@type\":\"EntryPoint\",\"urlTemplate\":\"https:\/\/arenafernandasselin.com\/?s={search_term_string}\"},\"query-input\":{\"@type\":\"PropertyValueSpecification\",\"valueRequired\":true,\"valueName\":\"search_term_string\"}}],\"inLanguage\":\"fr-CA\"},{\"@type\":\"Organization\",\"@id\":\"https:\/\/arenafernandasselin.com\/#organization\",\"name\":\"Ar\u00e9na Fernand-Asselin\",\"url\":\"https:\/\/arenafernandasselin.com\/\",\"logo\":{\"@type\":\"ImageObject\",\"inLanguage\":\"fr-CA\",\"@id\":\"https:\/\/arenafernandasselin.com\/#\/schema\/logo\/image\/\",\"url\":\"https:\/\/arenafernandasselin.com\/wp-content\/uploads\/2019\/07\/arenalogo.png\",\"contentUrl\":\"https:\/\/arenafernandasselin.com\/wp-content\/uploads\/2019\/07\/arenalogo.png\",\"width\":835,\"height\":80,\"caption\":\"Ar\u00e9na Fernand-Asselin\"},\"image\":{\"@id\":\"https:\/\/arenafernandasselin.com\/#\/schema\/logo\/image\/\"}}]}<\/script>\n<!-- \/ Yoast SEO plugin. -->","yoast_head_json":{"title":"R\u00e8glements de l'ar\u00e9na - Ar\u00e9na Fernand-Asselin","robots":{"index":"index","follow":"follow","max-snippet":"max-snippet:-1","max-image-preview":"max-image-preview:large","max-video-preview":"max-video-preview:-1"},"canonical":"https:\/\/arenafernandasselin.com\/?page_id=201","og_locale":"fr_CA","og_type":"article","og_title":"R\u00e8glements de l'ar\u00e9na - Ar\u00e9na Fernand-Asselin","og_url":"https:\/\/arenafernandasselin.com\/?page_id=201","og_site_name":"Ar\u00e9na Fernand-Asselin","article_modified_time":"2023-12-03T21:44:42+00:00","twitter_card":"summary_large_image","twitter_misc":{"Estimation du temps de lecture":"2 minutes"},"schema":{"@context":"https:\/\/schema.org","@graph":[{"@type":"WebPage","@id":"https:\/\/arenafernandasselin.com\/?page_id=201","url":"https:\/\/arenafernandasselin.com\/?page_id=201","name":"R\u00e8glements de l'ar\u00e9na - Ar\u00e9na Fernand-Asselin","isPartOf":{"@id":"https:\/\/arenafernandasselin.com\/#website"},"datePublished":"2019-07-23T02:13:08+00:00","dateModified":"2023-12-03T21:44:42+00:00","breadcrumb":{"@id":"https:\/\/arenafernandasselin.com\/?page_id=201#breadcrumb"},"inLanguage":"fr-CA","potentialAction":[{"@type":"ReadAction","target":["https:\/\/arenafernandasselin.com\/?page_id=201"]}]},{"@type":"BreadcrumbList","@id":"https:\/\/arenafernandasselin.com\/?page_id=201#breadcrumb","itemListElement":[{"@type":"ListItem","position":1,"name":"Accueil","item":"https:\/\/arenafernandasselin.com\/"},{"@type":"ListItem","position":2,"name":"R\u00e8glements de l&rsquo;ar\u00e9na"}]},{"@type":"WebSite","@id":"https:\/\/arenafernandasselin.com\/#website","url":"https:\/\/arenafernandasselin.com\/","name":"Ar\u00e9na Fernand-Asselin","description":"L&#039;endroit le plus cool de Trois-Rivi\u00e8res!","publisher":{"@id":"https:\/\/arenafernandasselin.com\/#organization"},"potentialAction":[{"@type":"SearchAction","target":{"@type":"EntryPoint","urlTemplate":"https:\/\/arenafernandasselin.com\/?s={search_term_string}"},"query-input":{"@type":"PropertyValueSpecification","valueRequired":true,"valueName":"search_term_string"}}],"inLanguage":"fr-CA"},{"@type":"Organization","@id":"https:\/\/arenafernandasselin.com\/#organization","name":"Ar\u00e9na Fernand-Asselin","url":"https:\/\/arenafernandasselin.com\/","logo":{"@type":"ImageObject","inLanguage":"fr-CA","@id":"https:\/\/arenafernandasselin.com\/#\/schema\/logo\/image\/","url":"https:\/\/arenafernandasselin.com\/wp-content\/uploads\/2019\/07\/arenalogo.png","contentUrl":"https:\/\/arenafernandasselin.com\/wp-content\/uploads\/2019\/07\/arenalogo.png","width":835,"height":80,"caption":"Ar\u00e9na Fernand-Asselin"},"image":{"@id":"https:\/\/arenafernandasselin.com\/#\/schema\/logo\/image\/"}}]}},"_links":{"self":[{"href":"https:\/\/arenafernandasselin.com\/index.php?rest_route=\/wp\/v2\/pages\/201"}],"collection":[{"href":"https:\/\/arenafernandasselin.com\/index.php?rest_route=\/wp\/v2\/pages"}],"about":[{"href":"https:\/\/arenafernandasselin.com\/index.php?rest_route=\/wp\/v2\/types\/page"}],"author":[{"embeddable":true,"href":"https:\/\/arenafernandasselin.com\/index.php?rest_route=\/wp\/v2\/users\/1"}],"replies":[{"embeddable":true,"href":"https:\/\/arenafernandasselin.com\/index.php?rest_route=%2Fwp%2Fv2%2Fcomments&post=201"}],"version-history":[{"count":4,"href":"https:\/\/arenafernandasselin.com\/index.php?rest_route=\/wp\/v2\/pages\/201\/revisions"}],"predecessor-version":[{"id":953,"href":"https:\/\/arenafernandasselin.com\/index.php?rest_route=\/wp\/v2\/pages\/201\/revisions\/953"}],"wp:attachment":[{"href":"https:\/\/arenafernandasselin.com\/index.php?rest_route=%2Fwp%2Fv2%2Fmedia&parent=201"}],"curies":[{"name":"wp","href":"https:\/\/api.w.org\/{rel}","templated":true}]}}