{"id":315,"date":"2019-07-24T22:16:59","date_gmt":"2019-07-25T02:16:59","guid":{"rendered":"http:\/\/dev.arenafernandasselin.com\/?page_id=315"},"modified":"2025-06-01T15:07:50","modified_gmt":"2025-06-01T19:07:50","slug":"tournois","status":"publish","type":"page","link":"https:\/\/arenafernandasselin.com\/?page_id=315","title":{"rendered":"Nos tournois"},"content":{"rendered":"\n<p>L&rsquo;ar\u00e9na Fernand-Asselin est heureux de vous pr\u00e9senter \u00e0 chaque ann\u00e9e son \u00e9dition annuelle (une \u00e9dition en avril et une autre d&rsquo;\u00e9t\u00e9 au mois d&rsquo;ao\u00fbt). Comme \u00e0 chaque ann\u00e9e, c&rsquo;est toujours un franc succ\u00e8s. Cette ann\u00e9e, c&rsquo;est la m\u00eame formule que l&rsquo;an dernier. Pour plus d&rsquo;informations veuillez consulter les liens ci-dessous:<\/p>\n\n\n\n<p><\/p>\n\n\n\n<div class=\"wp-block-cover is-light\"><span aria-hidden=\"true\" class=\"wp-block-cover__background has-background-dim\"><\/span><img loading=\"lazy\" decoding=\"async\" width=\"1024\" height=\"768\" class=\"wp-block-cover__image-background wp-image-268\" alt=\"\" src=\"https:\/\/arenafernandasselin.com\/wp-content\/uploads\/2019\/07\/20e_tournoi-Gagnants_A-Team_Xplod.jpg\" data-object-fit=\"cover\" srcset=\"https:\/\/arenafernandasselin.com\/wp-content\/uploads\/2019\/07\/20e_tournoi-Gagnants_A-Team_Xplod.jpg 1024w, https:\/\/arenafernandasselin.com\/wp-content\/uploads\/2019\/07\/20e_tournoi-Gagnants_A-Team_Xplod-300x225.jpg 300w, https:\/\/arenafernandasselin.com\/wp-content\/uploads\/2019\/07\/20e_tournoi-Gagnants_A-Team_Xplod-768x576.jpg 768w, https:\/\/arenafernandasselin.com\/wp-content\/uploads\/2019\/07\/20e_tournoi-Gagnants_A-Team_Xplod-100x75.jpg 100w, https:\/\/arenafernandasselin.com\/wp-content\/uploads\/2019\/07\/20e_tournoi-Gagnants_A-Team_Xplod-862x647.jpg 862w\" sizes=\"(max-width: 1024px) 100vw, 1024px\" \/><div class=\"wp-block-cover__inner-container is-layout-flow wp-block-cover-is-layout-flow\">\n<p class=\"has-text-align-center has-large-font-size\"><a href=\"https:\/\/arenafernandasselin.com\/?p=933\">26e tournoi de hockey amateur calibre OPEN<br>(8 au 10 ao\u00fbt 2025)<\/a><\/p>\n<\/div><\/div>\n\n\n\n<p><\/p>\n\n\n\n<div class=\"wp-block-buttons is-content-justification-center is-layout-flex wp-container-core-buttons-is-layout-1 wp-block-buttons-is-layout-flex\">\n<div class=\"wp-block-button\"><a class=\"wp-block-button__link wp-element-button\" href=\"https:\/\/arenafernandasselin.com\/?p=933\">Plus d&rsquo;informations sur nos tournois<\/a><\/div>\n<\/div>\n\n\n\n<p class=\"has-text-align-center\"><\/p>\n\n\n\n<div class=\"wp-block-themepunch-revslider revslider\" data-slidertitle=\"tournois\" style=\"\">\n\t\t\t<!-- START tournois REVOLUTION SLIDER 6.6.20 --><p class=\"rs-p-wp-fix\"><\/p>\n\t\t\t<rs-module-wrap id=\"rev_slider_10_1_wrapper\" data-source=\"gallery\" style=\"visibility:hidden;background:#0a0a0a;padding:0;margin:0px auto;margin-top:0;margin-bottom:0;\">\n\t\t\t\t<rs-module id=\"rev_slider_10_1\" style=\"\" data-version=\"6.6.20\">\n\t\t\t\t\t<rs-slides style=\"overflow: hidden; position: absolute;\">\n\t\t\t\t\t\t<rs-slide style=\"position: absolute;\" data-key=\"rs-38\" data-title=\"Slide\" data-thumb=\"\/\/arenafernandasselin.com\/wp-content\/uploads\/2019\/08\/22e-Gagnant-A-XPlod-100x50.jpg\" data-in=\"x:-100%;\" data-out=\"x:60%;\">\n\t\t\t\t\t\t\t<img decoding=\"async\" src=\"\/\/arenafernandasselin.com\/wp-content\/plugins\/revslider\/public\/assets\/assets\/dummy.png\" alt=\"\" title=\"Nos tournois\" class=\"rev-slidebg tp-rs-img rs-lazyload\" data-lazyload=\"\/\/arenafernandasselin.com\/wp-content\/uploads\/2019\/08\/22e-Gagnant-A-XPlod.jpg\" data-bg=\"f:contain;\" data-parallax=\"15\" data-no-retina>\n<!---->\t\t\t\t\t\t<\/rs-slide>\n\t\t\t\t\t\t<rs-slide style=\"position: absolute;\" data-key=\"rs-34\" data-title=\"Slide\" data-thumb=\"\/\/arenafernandasselin.com\/wp-content\/uploads\/2019\/07\/19e-Gagnants_A-Bar_le_Jazz-100x50.jpg\" data-in=\"x:-100%;\" data-out=\"x:60%;\">\n\t\t\t\t\t\t\t<img decoding=\"async\" src=\"\/\/arenafernandasselin.com\/wp-content\/plugins\/revslider\/public\/assets\/assets\/dummy.png\" alt=\"\" title=\"Nos tournois\" class=\"rev-slidebg tp-rs-img rs-lazyload\" data-lazyload=\"\/\/arenafernandasselin.com\/wp-content\/uploads\/2019\/07\/19e-Gagnants_A-Bar_le_Jazz.jpg\" data-bg=\"f:contain;\" data-parallax=\"15\" data-no-retina>\n<!---->\t\t\t\t\t\t<\/rs-slide>\n\t\t\t\t\t\t<rs-slide style=\"position: absolute;\" data-key=\"rs-39\" data-title=\"Slide\" data-thumb=\"\/\/arenafernandasselin.com\/wp-content\/uploads\/2019\/07\/20e_tournoi-Gagnants_A-Team_Xplod-100x50.jpg\" data-in=\"x:-100%;\" data-out=\"x:60%;\">\n\t\t\t\t\t\t\t<img decoding=\"async\" src=\"\/\/arenafernandasselin.com\/wp-content\/plugins\/revslider\/public\/assets\/assets\/dummy.png\" alt=\"\" title=\"Nos tournois\" class=\"rev-slidebg tp-rs-img rs-lazyload\" data-lazyload=\"\/\/arenafernandasselin.com\/wp-content\/uploads\/2019\/07\/20e_tournoi-Gagnants_A-Team_Xplod.jpg\" data-bg=\"f:contain;\" data-parallax=\"15\" data-no-retina>\n<!---->\t\t\t\t\t\t<\/rs-slide>\n\t\t\t\t\t\t<rs-slide style=\"position: absolute;\" data-key=\"rs-35\" data-title=\"Slide\" data-thumb=\"\/\/arenafernandasselin.com\/wp-content\/uploads\/2019\/07\/18e_tournoi_-__Gagnant_A_Les_chanceuses-100x50.jpg\" data-in=\"x:-100%;\" data-out=\"x:60%;\">\n\t\t\t\t\t\t\t<img decoding=\"async\" src=\"\/\/arenafernandasselin.com\/wp-content\/plugins\/revslider\/public\/assets\/assets\/dummy.png\" alt=\"\" title=\"Nos tournois\" class=\"rev-slidebg tp-rs-img rs-lazyload\" data-lazyload=\"\/\/arenafernandasselin.com\/wp-content\/uploads\/2019\/07\/18e_tournoi_-__Gagnant_A_Les_chanceuses.jpg\" data-bg=\"f:contain;\" data-parallax=\"15\" data-no-retina>\n<!---->\t\t\t\t\t\t<\/rs-slide>\n\t\t\t\t\t\t<rs-slide style=\"position: absolute;\" data-key=\"rs-36\" data-title=\"Slide\" data-thumb=\"\/\/arenafernandasselin.com\/wp-content\/uploads\/2019\/07\/16e-tournoi-Gagnant-A-Les-cl\u00e9bards-100x50.jpg\" data-in=\"x:-100%;\" data-out=\"x:60%;\">\n\t\t\t\t\t\t\t<img decoding=\"async\" src=\"\/\/arenafernandasselin.com\/wp-content\/plugins\/revslider\/public\/assets\/assets\/dummy.png\" alt=\"\" title=\"Nos tournois\" class=\"rev-slidebg tp-rs-img rs-lazyload\" data-lazyload=\"\/\/arenafernandasselin.com\/wp-content\/uploads\/2019\/07\/16e-tournoi-Gagnant-A-Les-cl\u00e9bards.jpg\" data-bg=\"f:contain;\" data-parallax=\"15\" data-no-retina>\n<!---->\t\t\t\t\t\t<\/rs-slide>\n\t\t\t\t\t\t<rs-slide style=\"position: absolute;\" data-key=\"rs-37\" data-title=\"Slide\" data-thumb=\"\/\/arenafernandasselin.com\/wp-content\/uploads\/2019\/07\/15e-tournoi-Gagnant-A-Les-Ginos-100x50.jpg\" data-in=\"x:-100%;\" data-out=\"x:60%;\">\n\t\t\t\t\t\t\t<img decoding=\"async\" src=\"\/\/arenafernandasselin.com\/wp-content\/plugins\/revslider\/public\/assets\/assets\/dummy.png\" alt=\"\" title=\"Nos tournois\" class=\"rev-slidebg tp-rs-img rs-lazyload\" data-lazyload=\"\/\/arenafernandasselin.com\/wp-content\/uploads\/2019\/07\/15e-tournoi-Gagnant-A-Les-Ginos.jpg\" data-bg=\"f:contain;\" data-parallax=\"15\" data-no-retina>\n<!---->\t\t\t\t\t\t<\/rs-slide>\n\t\t\t\t\t<\/rs-slides>\n\t\t\t\t<\/rs-module>\n\t\t\t\t<script>\n\t\t\t\t\tsetREVStartSize({c: 'rev_slider_10_1',rl:[1240,1024,778,480],el:[],gw:[1240],gh:[600],type:'standard',justify:'',layout:'fullwidth',mh:\"0\"});if (window.RS_MODULES!==undefined && window.RS_MODULES.modules!==undefined && window.RS_MODULES.modules[\"revslider101\"]!==undefined) {window.RS_MODULES.modules[\"revslider101\"].once = false;window.revapi10 = undefined;if (window.RS_MODULES.checkMinimal!==undefined) window.RS_MODULES.checkMinimal()}\n\t\t\t\t<\/script>\n\t\t\t<\/rs-module-wrap>\n\t\t\t<!-- END REVOLUTION SLIDER -->\n<\/div>\n\n\n\n<p class=\"has-text-align-center\"><em>Voici d&rsquo;anciens gagnants des tournois des ann\u00e9es pr\u00e9c\u00e9dentes<\/em><\/p>\n","protected":false},"excerpt":{"rendered":"<p>L&rsquo;ar\u00e9na Fernand-Asselin est heureux de vous pr\u00e9senter \u00e0 chaque ann\u00e9e son \u00e9dition annuelle (une \u00e9dition en avril et une autre d&rsquo;\u00e9t\u00e9 au mois d&rsquo;ao\u00fbt). Comme \u00e0 chaque ann\u00e9e, c&rsquo;est toujours un franc succ\u00e8s. Cette ann\u00e9e, c&rsquo;est la m\u00eame formule que l&rsquo;an dernier. Pour plus d&rsquo;informations veuillez consulter les liens ci-dessous: Voici d&rsquo;anciens gagnants des tournois des ann\u00e9es pr\u00e9c\u00e9dentes<\/p>\n","protected":false},"author":1,"featured_media":0,"parent":0,"menu_order":0,"comment_status":"closed","ping_status":"closed","template":"template-layout-content-sidebar.php","meta":{"footnotes":""},"yoast_head":"<!-- This site is optimized with the Yoast SEO plugin v24.5 - https:\/\/yoast.com\/wordpress\/plugins\/seo\/ -->\n<title>Nos tournois - Ar\u00e9na Fernand-Asselin<\/title>\n<meta name=\"robots\" content=\"index, follow, max-snippet:-1, max-image-preview:large, max-video-preview:-1\" \/>\n<link rel=\"canonical\" href=\"https:\/\/arenafernandasselin.com\/?page_id=315\" \/>\n<meta property=\"og:locale\" content=\"fr_CA\" \/>\n<meta property=\"og:type\" content=\"article\" \/>\n<meta property=\"og:title\" content=\"Nos tournois - Ar\u00e9na Fernand-Asselin\" \/>\n<meta property=\"og:description\" content=\"L&rsquo;ar\u00e9na Fernand-Asselin est heureux de vous pr\u00e9senter \u00e0 chaque ann\u00e9e son \u00e9dition annuelle (une \u00e9dition en avril et une autre d&rsquo;\u00e9t\u00e9 au mois d&rsquo;ao\u00fbt). Comme \u00e0 chaque ann\u00e9e, c&rsquo;est toujours un franc succ\u00e8s. Cette ann\u00e9e, c&rsquo;est la m\u00eame formule que l&rsquo;an dernier. Pour plus d&rsquo;informations veuillez consulter les liens ci-dessous: Voici d&rsquo;anciens gagnants des tournois des ann\u00e9es pr\u00e9c\u00e9dentes\" \/>\n<meta property=\"og:url\" content=\"https:\/\/arenafernandasselin.com\/?page_id=315\" \/>\n<meta property=\"og:site_name\" content=\"Ar\u00e9na Fernand-Asselin\" \/>\n<meta property=\"article:modified_time\" content=\"2025-06-01T19:07:50+00:00\" \/>\n<meta property=\"og:image\" content=\"https:\/\/arenafernandasselin.com\/wp-content\/uploads\/2019\/07\/20e_tournoi-Gagnants_A-Team_Xplod.jpg\" \/>\n<meta name=\"twitter:card\" content=\"summary_large_image\" \/>\n<meta name=\"twitter:label1\" content=\"Estimation du temps de lecture\" \/>\n\t<meta name=\"twitter:data1\" content=\"2 minutes\" \/>\n<script type=\"application\/ld+json\" class=\"yoast-schema-graph\">{\"@context\":\"https:\/\/schema.org\",\"@graph\":[{\"@type\":\"WebPage\",\"@id\":\"https:\/\/arenafernandasselin.com\/?page_id=315\",\"url\":\"https:\/\/arenafernandasselin.com\/?page_id=315\",\"name\":\"Nos tournois - Ar\u00e9na Fernand-Asselin\",\"isPartOf\":{\"@id\":\"https:\/\/arenafernandasselin.com\/#website\"},\"primaryImageOfPage\":{\"@id\":\"https:\/\/arenafernandasselin.com\/?page_id=315#primaryimage\"},\"image\":{\"@id\":\"https:\/\/arenafernandasselin.com\/?page_id=315#primaryimage\"},\"thumbnailUrl\":\"https:\/\/arenafernandasselin.com\/wp-content\/uploads\/2019\/07\/20e_tournoi-Gagnants_A-Team_Xplod.jpg\",\"datePublished\":\"2019-07-25T02:16:59+00:00\",\"dateModified\":\"2025-06-01T19:07:50+00:00\",\"breadcrumb\":{\"@id\":\"https:\/\/arenafernandasselin.com\/?page_id=315#breadcrumb\"},\"inLanguage\":\"fr-CA\",\"potentialAction\":[{\"@type\":\"ReadAction\",\"target\":[\"https:\/\/arenafernandasselin.com\/?page_id=315\"]}]},{\"@type\":\"ImageObject\",\"inLanguage\":\"fr-CA\",\"@id\":\"https:\/\/arenafernandasselin.com\/?page_id=315#primaryimage\",\"url\":\"https:\/\/arenafernandasselin.com\/wp-content\/uploads\/2019\/07\/20e_tournoi-Gagnants_A-Team_Xplod.jpg\",\"contentUrl\":\"https:\/\/arenafernandasselin.com\/wp-content\/uploads\/2019\/07\/20e_tournoi-Gagnants_A-Team_Xplod.jpg\",\"width\":1024,\"height\":768},{\"@type\":\"BreadcrumbList\",\"@id\":\"https:\/\/arenafernandasselin.com\/?page_id=315#breadcrumb\",\"itemListElement\":[{\"@type\":\"ListItem\",\"position\":1,\"name\":\"Accueil\",\"item\":\"https:\/\/arenafernandasselin.com\/\"},{\"@type\":\"ListItem\",\"position\":2,\"name\":\"Nos tournois\"}]},{\"@type\":\"WebSite\",\"@id\":\"https:\/\/arenafernandasselin.com\/#website\",\"url\":\"https:\/\/arenafernandasselin.com\/\",\"name\":\"Ar\u00e9na Fernand-Asselin\",\"description\":\"L&#039;endroit le plus cool de Trois-Rivi\u00e8res!\",\"publisher\":{\"@id\":\"https:\/\/arenafernandasselin.com\/#organization\"},\"potentialAction\":[{\"@type\":\"SearchAction\",\"target\":{\"@type\":\"EntryPoint\",\"urlTemplate\":\"https:\/\/arenafernandasselin.com\/?s={search_term_string}\"},\"query-input\":{\"@type\":\"PropertyValueSpecification\",\"valueRequired\":true,\"valueName\":\"search_term_string\"}}],\"inLanguage\":\"fr-CA\"},{\"@type\":\"Organization\",\"@id\":\"https:\/\/arenafernandasselin.com\/#organization\",\"name\":\"Ar\u00e9na Fernand-Asselin\",\"url\":\"https:\/\/arenafernandasselin.com\/\",\"logo\":{\"@type\":\"ImageObject\",\"inLanguage\":\"fr-CA\",\"@id\":\"https:\/\/arenafernandasselin.com\/#\/schema\/logo\/image\/\",\"url\":\"https:\/\/arenafernandasselin.com\/wp-content\/uploads\/2019\/07\/arenalogo.png\",\"contentUrl\":\"https:\/\/arenafernandasselin.com\/wp-content\/uploads\/2019\/07\/arenalogo.png\",\"width\":835,\"height\":80,\"caption\":\"Ar\u00e9na Fernand-Asselin\"},\"image\":{\"@id\":\"https:\/\/arenafernandasselin.com\/#\/schema\/logo\/image\/\"}}]}<\/script>\n<!-- \/ Yoast SEO plugin. -->","yoast_head_json":{"title":"Nos tournois - Ar\u00e9na Fernand-Asselin","robots":{"index":"index","follow":"follow","max-snippet":"max-snippet:-1","max-image-preview":"max-image-preview:large","max-video-preview":"max-video-preview:-1"},"canonical":"https:\/\/arenafernandasselin.com\/?page_id=315","og_locale":"fr_CA","og_type":"article","og_title":"Nos tournois - Ar\u00e9na Fernand-Asselin","og_description":"L&rsquo;ar\u00e9na Fernand-Asselin est heureux de vous pr\u00e9senter \u00e0 chaque ann\u00e9e son \u00e9dition annuelle (une \u00e9dition en avril et une autre d&rsquo;\u00e9t\u00e9 au mois d&rsquo;ao\u00fbt). Comme \u00e0 chaque ann\u00e9e, c&rsquo;est toujours un franc succ\u00e8s. Cette ann\u00e9e, c&rsquo;est la m\u00eame formule que l&rsquo;an dernier. Pour plus d&rsquo;informations veuillez consulter les liens ci-dessous: Voici d&rsquo;anciens gagnants des tournois des ann\u00e9es pr\u00e9c\u00e9dentes","og_url":"https:\/\/arenafernandasselin.com\/?page_id=315","og_site_name":"Ar\u00e9na Fernand-Asselin","article_modified_time":"2025-06-01T19:07:50+00:00","og_image":[{"url":"https:\/\/arenafernandasselin.com\/wp-content\/uploads\/2019\/07\/20e_tournoi-Gagnants_A-Team_Xplod.jpg","type":"","width":"","height":""}],"twitter_card":"summary_large_image","twitter_misc":{"Estimation du temps de lecture":"2 minutes"},"schema":{"@context":"https:\/\/schema.org","@graph":[{"@type":"WebPage","@id":"https:\/\/arenafernandasselin.com\/?page_id=315","url":"https:\/\/arenafernandasselin.com\/?page_id=315","name":"Nos tournois - Ar\u00e9na Fernand-Asselin","isPartOf":{"@id":"https:\/\/arenafernandasselin.com\/#website"},"primaryImageOfPage":{"@id":"https:\/\/arenafernandasselin.com\/?page_id=315#primaryimage"},"image":{"@id":"https:\/\/arenafernandasselin.com\/?page_id=315#primaryimage"},"thumbnailUrl":"https:\/\/arenafernandasselin.com\/wp-content\/uploads\/2019\/07\/20e_tournoi-Gagnants_A-Team_Xplod.jpg","datePublished":"2019-07-25T02:16:59+00:00","dateModified":"2025-06-01T19:07:50+00:00","breadcrumb":{"@id":"https:\/\/arenafernandasselin.com\/?page_id=315#breadcrumb"},"inLanguage":"fr-CA","potentialAction":[{"@type":"ReadAction","target":["https:\/\/arenafernandasselin.com\/?page_id=315"]}]},{"@type":"ImageObject","inLanguage":"fr-CA","@id":"https:\/\/arenafernandasselin.com\/?page_id=315#primaryimage","url":"https:\/\/arenafernandasselin.com\/wp-content\/uploads\/2019\/07\/20e_tournoi-Gagnants_A-Team_Xplod.jpg","contentUrl":"https:\/\/arenafernandasselin.com\/wp-content\/uploads\/2019\/07\/20e_tournoi-Gagnants_A-Team_Xplod.jpg","width":1024,"height":768},{"@type":"BreadcrumbList","@id":"https:\/\/arenafernandasselin.com\/?page_id=315#breadcrumb","itemListElement":[{"@type":"ListItem","position":1,"name":"Accueil","item":"https:\/\/arenafernandasselin.com\/"},{"@type":"ListItem","position":2,"name":"Nos tournois"}]},{"@type":"WebSite","@id":"https:\/\/arenafernandasselin.com\/#website","url":"https:\/\/arenafernandasselin.com\/","name":"Ar\u00e9na Fernand-Asselin","description":"L&#039;endroit le plus cool de Trois-Rivi\u00e8res!","publisher":{"@id":"https:\/\/arenafernandasselin.com\/#organization"},"potentialAction":[{"@type":"SearchAction","target":{"@type":"EntryPoint","urlTemplate":"https:\/\/arenafernandasselin.com\/?s={search_term_string}"},"query-input":{"@type":"PropertyValueSpecification","valueRequired":true,"valueName":"search_term_string"}}],"inLanguage":"fr-CA"},{"@type":"Organization","@id":"https:\/\/arenafernandasselin.com\/#organization","name":"Ar\u00e9na Fernand-Asselin","url":"https:\/\/arenafernandasselin.com\/","logo":{"@type":"ImageObject","inLanguage":"fr-CA","@id":"https:\/\/arenafernandasselin.com\/#\/schema\/logo\/image\/","url":"https:\/\/arenafernandasselin.com\/wp-content\/uploads\/2019\/07\/arenalogo.png","contentUrl":"https:\/\/arenafernandasselin.com\/wp-content\/uploads\/2019\/07\/arenalogo.png","width":835,"height":80,"caption":"Ar\u00e9na Fernand-Asselin"},"image":{"@id":"https:\/\/arenafernandasselin.com\/#\/schema\/logo\/image\/"}}]}},"_links":{"self":[{"href":"https:\/\/arenafernandasselin.com\/index.php?rest_route=\/wp\/v2\/pages\/315"}],"collection":[{"href":"https:\/\/arenafernandasselin.com\/index.php?rest_route=\/wp\/v2\/pages"}],"about":[{"href":"https:\/\/arenafernandasselin.com\/index.php?rest_route=\/wp\/v2\/types\/page"}],"author":[{"embeddable":true,"href":"https:\/\/arenafernandasselin.com\/index.php?rest_route=\/wp\/v2\/users\/1"}],"replies":[{"embeddable":true,"href":"https:\/\/arenafernandasselin.com\/index.php?rest_route=%2Fwp%2Fv2%2Fcomments&post=315"}],"version-history":[{"count":32,"href":"https:\/\/arenafernandasselin.com\/index.php?rest_route=\/wp\/v2\/pages\/315\/revisions"}],"predecessor-version":[{"id":1012,"href":"https:\/\/arenafernandasselin.com\/index.php?rest_route=\/wp\/v2\/pages\/315\/revisions\/1012"}],"wp:attachment":[{"href":"https:\/\/arenafernandasselin.com\/index.php?rest_route=%2Fwp%2Fv2%2Fmedia&parent=315"}],"curies":[{"name":"wp","href":"https:\/\/api.w.org\/{rel}","templated":true}]}}