{"id":563,"date":"2019-08-05T16:32:02","date_gmt":"2019-08-05T20:32:02","guid":{"rendered":"http:\/\/dev.arenafernandasselin.com\/?page_id=563"},"modified":"2023-12-03T16:42:14","modified_gmt":"2023-12-03T21:42:14","slug":"consignes-du-tournoi","status":"publish","type":"page","link":"https:\/\/arenafernandasselin.com\/?page_id=563","title":{"rendered":"Consignes du tournoi"},"content":{"rendered":"\n<p><\/p>\n\n\n\n<ul>\n<li class=\"has-medium-font-size\">Dans le hall d&rsquo;entr\u00e9e de l&rsquo;ar\u00e9na se trouve l&rsquo;horaire des matchs et un tableau sur lequel est inscrit le num\u00e9ro du vestiaire que votre \u00e9quipe doit utiliser;<\/li>\n\n\n\n<li class=\"has-medium-font-size\">Le num\u00e9ro de vestiaire changera \u00e0 chaque partie, alors vous ne pouvez  pas laisser votre \u00e9quipement dans les vestiaires apr\u00e8s les matchs;<\/li>\n\n\n\n<li class=\"has-medium-font-size\">Un espace non-surveill\u00e9 \u00e0 \u00e9t\u00e9 am\u00e9nag\u00e9 dans les estrades du haut du hall d&rsquo;entr\u00e9e pour mettre votre&nbsp;\u00e9quipement de hockey.<\/li>\n\n\n\n<li class=\"has-medium-font-size\">La direction du tournoi n\u2019est pas responsable en cas d\u2019accidents ou de vols;<\/li>\n\n\n\n<li class=\"has-medium-font-size\">Un service de BAR avec permis d&rsquo;alcool sera disponible pendant la dur\u00e9e du tournoi;<\/li>\n\n\n\n<li class=\"has-medium-font-size\"><strong>Il est interdit d&rsquo;apporter de la bi\u00e8re, vin et spiritueux lors du tournoi sous peine d\u2019EXPULSION du tournoi.<\/strong><\/li>\n<\/ul>\n","protected":false},"excerpt":{"rendered":"","protected":false},"author":4,"featured_media":235,"parent":0,"menu_order":0,"comment_status":"closed","ping_status":"closed","template":"","meta":{"footnotes":""},"yoast_head":"<!-- This site is optimized with the Yoast SEO plugin v24.5 - https:\/\/yoast.com\/wordpress\/plugins\/seo\/ -->\n<title>Consignes du tournoi - Ar\u00e9na Fernand-Asselin<\/title>\n<meta name=\"robots\" content=\"index, follow, max-snippet:-1, max-image-preview:large, max-video-preview:-1\" \/>\n<link rel=\"canonical\" href=\"https:\/\/arenafernandasselin.com\/?page_id=563\" \/>\n<meta property=\"og:locale\" content=\"fr_CA\" \/>\n<meta property=\"og:type\" content=\"article\" \/>\n<meta property=\"og:title\" content=\"Consignes du tournoi - Ar\u00e9na Fernand-Asselin\" \/>\n<meta property=\"og:url\" content=\"https:\/\/arenafernandasselin.com\/?page_id=563\" \/>\n<meta property=\"og:site_name\" content=\"Ar\u00e9na Fernand-Asselin\" \/>\n<meta property=\"article:modified_time\" content=\"2023-12-03T21:42:14+00:00\" \/>\n<meta property=\"og:image\" content=\"https:\/\/arenafernandasselin.com\/wp-content\/uploads\/2019\/07\/5d37914525e71.png\" \/>\n\t<meta property=\"og:image:width\" content=\"1024\" \/>\n\t<meta property=\"og:image:height\" content=\"682\" \/>\n\t<meta property=\"og:image:type\" content=\"image\/png\" \/>\n<meta name=\"twitter:card\" content=\"summary_large_image\" \/>\n<script type=\"application\/ld+json\" class=\"yoast-schema-graph\">{\"@context\":\"https:\/\/schema.org\",\"@graph\":[{\"@type\":\"WebPage\",\"@id\":\"https:\/\/arenafernandasselin.com\/?page_id=563\",\"url\":\"https:\/\/arenafernandasselin.com\/?page_id=563\",\"name\":\"Consignes du tournoi - Ar\u00e9na Fernand-Asselin\",\"isPartOf\":{\"@id\":\"https:\/\/arenafernandasselin.com\/#website\"},\"primaryImageOfPage\":{\"@id\":\"https:\/\/arenafernandasselin.com\/?page_id=563#primaryimage\"},\"image\":{\"@id\":\"https:\/\/arenafernandasselin.com\/?page_id=563#primaryimage\"},\"thumbnailUrl\":\"https:\/\/arenafernandasselin.com\/wp-content\/uploads\/2019\/07\/5d37914525e71.png\",\"datePublished\":\"2019-08-05T20:32:02+00:00\",\"dateModified\":\"2023-12-03T21:42:14+00:00\",\"breadcrumb\":{\"@id\":\"https:\/\/arenafernandasselin.com\/?page_id=563#breadcrumb\"},\"inLanguage\":\"fr-CA\",\"potentialAction\":[{\"@type\":\"ReadAction\",\"target\":[\"https:\/\/arenafernandasselin.com\/?page_id=563\"]}]},{\"@type\":\"ImageObject\",\"inLanguage\":\"fr-CA\",\"@id\":\"https:\/\/arenafernandasselin.com\/?page_id=563#primaryimage\",\"url\":\"https:\/\/arenafernandasselin.com\/wp-content\/uploads\/2019\/07\/5d37914525e71.png\",\"contentUrl\":\"https:\/\/arenafernandasselin.com\/wp-content\/uploads\/2019\/07\/5d37914525e71.png\",\"width\":1024,\"height\":682},{\"@type\":\"BreadcrumbList\",\"@id\":\"https:\/\/arenafernandasselin.com\/?page_id=563#breadcrumb\",\"itemListElement\":[{\"@type\":\"ListItem\",\"position\":1,\"name\":\"Accueil\",\"item\":\"https:\/\/arenafernandasselin.com\/\"},{\"@type\":\"ListItem\",\"position\":2,\"name\":\"Consignes du tournoi\"}]},{\"@type\":\"WebSite\",\"@id\":\"https:\/\/arenafernandasselin.com\/#website\",\"url\":\"https:\/\/arenafernandasselin.com\/\",\"name\":\"Ar\u00e9na Fernand-Asselin\",\"description\":\"L&#039;endroit le plus cool de Trois-Rivi\u00e8res!\",\"publisher\":{\"@id\":\"https:\/\/arenafernandasselin.com\/#organization\"},\"potentialAction\":[{\"@type\":\"SearchAction\",\"target\":{\"@type\":\"EntryPoint\",\"urlTemplate\":\"https:\/\/arenafernandasselin.com\/?s={search_term_string}\"},\"query-input\":{\"@type\":\"PropertyValueSpecification\",\"valueRequired\":true,\"valueName\":\"search_term_string\"}}],\"inLanguage\":\"fr-CA\"},{\"@type\":\"Organization\",\"@id\":\"https:\/\/arenafernandasselin.com\/#organization\",\"name\":\"Ar\u00e9na Fernand-Asselin\",\"url\":\"https:\/\/arenafernandasselin.com\/\",\"logo\":{\"@type\":\"ImageObject\",\"inLanguage\":\"fr-CA\",\"@id\":\"https:\/\/arenafernandasselin.com\/#\/schema\/logo\/image\/\",\"url\":\"https:\/\/arenafernandasselin.com\/wp-content\/uploads\/2019\/07\/arenalogo.png\",\"contentUrl\":\"https:\/\/arenafernandasselin.com\/wp-content\/uploads\/2019\/07\/arenalogo.png\",\"width\":835,\"height\":80,\"caption\":\"Ar\u00e9na Fernand-Asselin\"},\"image\":{\"@id\":\"https:\/\/arenafernandasselin.com\/#\/schema\/logo\/image\/\"}}]}<\/script>\n<!-- \/ Yoast SEO plugin. -->","yoast_head_json":{"title":"Consignes du tournoi - Ar\u00e9na Fernand-Asselin","robots":{"index":"index","follow":"follow","max-snippet":"max-snippet:-1","max-image-preview":"max-image-preview:large","max-video-preview":"max-video-preview:-1"},"canonical":"https:\/\/arenafernandasselin.com\/?page_id=563","og_locale":"fr_CA","og_type":"article","og_title":"Consignes du tournoi - Ar\u00e9na Fernand-Asselin","og_url":"https:\/\/arenafernandasselin.com\/?page_id=563","og_site_name":"Ar\u00e9na Fernand-Asselin","article_modified_time":"2023-12-03T21:42:14+00:00","og_image":[{"width":1024,"height":682,"url":"https:\/\/arenafernandasselin.com\/wp-content\/uploads\/2019\/07\/5d37914525e71.png","type":"image\/png"}],"twitter_card":"summary_large_image","schema":{"@context":"https:\/\/schema.org","@graph":[{"@type":"WebPage","@id":"https:\/\/arenafernandasselin.com\/?page_id=563","url":"https:\/\/arenafernandasselin.com\/?page_id=563","name":"Consignes du tournoi - Ar\u00e9na Fernand-Asselin","isPartOf":{"@id":"https:\/\/arenafernandasselin.com\/#website"},"primaryImageOfPage":{"@id":"https:\/\/arenafernandasselin.com\/?page_id=563#primaryimage"},"image":{"@id":"https:\/\/arenafernandasselin.com\/?page_id=563#primaryimage"},"thumbnailUrl":"https:\/\/arenafernandasselin.com\/wp-content\/uploads\/2019\/07\/5d37914525e71.png","datePublished":"2019-08-05T20:32:02+00:00","dateModified":"2023-12-03T21:42:14+00:00","breadcrumb":{"@id":"https:\/\/arenafernandasselin.com\/?page_id=563#breadcrumb"},"inLanguage":"fr-CA","potentialAction":[{"@type":"ReadAction","target":["https:\/\/arenafernandasselin.com\/?page_id=563"]}]},{"@type":"ImageObject","inLanguage":"fr-CA","@id":"https:\/\/arenafernandasselin.com\/?page_id=563#primaryimage","url":"https:\/\/arenafernandasselin.com\/wp-content\/uploads\/2019\/07\/5d37914525e71.png","contentUrl":"https:\/\/arenafernandasselin.com\/wp-content\/uploads\/2019\/07\/5d37914525e71.png","width":1024,"height":682},{"@type":"BreadcrumbList","@id":"https:\/\/arenafernandasselin.com\/?page_id=563#breadcrumb","itemListElement":[{"@type":"ListItem","position":1,"name":"Accueil","item":"https:\/\/arenafernandasselin.com\/"},{"@type":"ListItem","position":2,"name":"Consignes du tournoi"}]},{"@type":"WebSite","@id":"https:\/\/arenafernandasselin.com\/#website","url":"https:\/\/arenafernandasselin.com\/","name":"Ar\u00e9na Fernand-Asselin","description":"L&#039;endroit le plus cool de Trois-Rivi\u00e8res!","publisher":{"@id":"https:\/\/arenafernandasselin.com\/#organization"},"potentialAction":[{"@type":"SearchAction","target":{"@type":"EntryPoint","urlTemplate":"https:\/\/arenafernandasselin.com\/?s={search_term_string}"},"query-input":{"@type":"PropertyValueSpecification","valueRequired":true,"valueName":"search_term_string"}}],"inLanguage":"fr-CA"},{"@type":"Organization","@id":"https:\/\/arenafernandasselin.com\/#organization","name":"Ar\u00e9na Fernand-Asselin","url":"https:\/\/arenafernandasselin.com\/","logo":{"@type":"ImageObject","inLanguage":"fr-CA","@id":"https:\/\/arenafernandasselin.com\/#\/schema\/logo\/image\/","url":"https:\/\/arenafernandasselin.com\/wp-content\/uploads\/2019\/07\/arenalogo.png","contentUrl":"https:\/\/arenafernandasselin.com\/wp-content\/uploads\/2019\/07\/arenalogo.png","width":835,"height":80,"caption":"Ar\u00e9na Fernand-Asselin"},"image":{"@id":"https:\/\/arenafernandasselin.com\/#\/schema\/logo\/image\/"}}]}},"_links":{"self":[{"href":"https:\/\/arenafernandasselin.com\/index.php?rest_route=\/wp\/v2\/pages\/563"}],"collection":[{"href":"https:\/\/arenafernandasselin.com\/index.php?rest_route=\/wp\/v2\/pages"}],"about":[{"href":"https:\/\/arenafernandasselin.com\/index.php?rest_route=\/wp\/v2\/types\/page"}],"author":[{"embeddable":true,"href":"https:\/\/arenafernandasselin.com\/index.php?rest_route=\/wp\/v2\/users\/4"}],"replies":[{"embeddable":true,"href":"https:\/\/arenafernandasselin.com\/index.php?rest_route=%2Fwp%2Fv2%2Fcomments&post=563"}],"version-history":[{"count":4,"href":"https:\/\/arenafernandasselin.com\/index.php?rest_route=\/wp\/v2\/pages\/563\/revisions"}],"predecessor-version":[{"id":951,"href":"https:\/\/arenafernandasselin.com\/index.php?rest_route=\/wp\/v2\/pages\/563\/revisions\/951"}],"wp:featuredmedia":[{"embeddable":true,"href":"https:\/\/arenafernandasselin.com\/index.php?rest_route=\/wp\/v2\/media\/235"}],"wp:attachment":[{"href":"https:\/\/arenafernandasselin.com\/index.php?rest_route=%2Fwp%2Fv2%2Fmedia&parent=563"}],"curies":[{"name":"wp","href":"https:\/\/api.w.org\/{rel}","templated":true}]}}