{"id":567,"date":"2019-08-05T16:52:18","date_gmt":"2019-08-05T20:52:18","guid":{"rendered":"http:\/\/dev.arenafernandasselin.com\/?page_id=567"},"modified":"2023-12-03T16:43:47","modified_gmt":"2023-12-03T21:43:47","slug":"reglementation-du-tournoi-de-hockey","status":"publish","type":"page","link":"https:\/\/arenafernandasselin.com\/?page_id=567","title":{"rendered":"R\u00e9glementation du tournoi de hockey"},"content":{"rendered":"\n<p><\/p>\n\n\n\n<ol>\n<li class=\"has-medium-font-size\">Les r\u00e8glements seront ceux de la F.Q.H.G. et de l\u2019A.C.H.A ainsi que les r\u00e8glements de l&rsquo;ar\u00e9na;<\/li>\n\n\n\n<li class=\"has-medium-font-size\">Le port du  casque, de la visi\u00e8re compl\u00e8te ou de la demi-visi\u00e8re est obligatoire  pour les parties de hockey.&nbsp; Le port du prot\u00e8ge cou est fortement  recommand\u00e9.&nbsp; Les accidents sont aux risques des participants s\u2019ils ne portent pas la visi\u00e8re compl\u00e8te et le prot\u00e8ge cou;<\/li>\n\n\n\n<li class=\"has-medium-font-size\"><strong>D\u00e9but des matchs: <\/strong>Deux (2) minutes de r\u00e9chauffements \u00ab warmup \u00bb apr\u00e8s la fermeture des&nbsp;portes de la resurfa\u00e7euse;<br><strong>Dur\u00e9e des matchs:<\/strong> Deux (2) p\u00e9riodes de quinze (15) minutes non chronom\u00e9tr\u00e9es et les deux (2) derni\u00e8res minutes chronom\u00e9tr\u00e9es;<\/li>\n\n\n\n<li class=\"has-medium-font-size\">Vous avez une (1) minute de repos entre chaque p\u00e9riode;<\/li>\n\n\n\n<li class=\"has-medium-font-size\">C&rsquo;est la  responsabilit\u00e9 des joueurs des deux \u00e9quipes de se placer rapidement aux mises au jeu.  Si l&rsquo;arbitre juge que le d\u00e9lai est trop long avant la  prise de position \u00e0 la mise au jeu, l&rsquo;arbitre mettra la rondelle en jeu;<\/li>\n\n\n\n<li class=\"has-medium-font-size\">En cas d\u2019\u00e9galit\u00e9 \u00e0 la fin de la partie, des tirs de barrage auront lieu (Trois (3) joueurs de chaque cot\u00e9);<\/li>\n\n\n\n<li class=\"has-medium-font-size\">Si il y a une diff\u00e9rence de cinq (5) buts apr\u00e8s deux (2) p\u00e9riodes, alors le temps ne sera plus chronom\u00e9tr\u00e9;<\/li>\n\n\n\n<li class=\"has-medium-font-size\">Si une diff\u00e9rence de sept (7) buts advient au cours de la partie, le match s\u2019arr\u00eatera automatiquement <strong>et le match suivant d\u00e9butera imm\u00e9diatement;<\/strong><\/li>\n\n\n\n<li class=\"has-medium-font-size\">Les \u00e9quipes doivent donc se pr\u00e9senter une (1) heure avant le match car une partie pourrait d\u00e9buter trente (30) minutes avant le l&rsquo;heure indiqu\u00e9e \u00e0 l&rsquo;horaire.<\/li>\n\n\n\n<li class=\"has-medium-font-size\">Punition majeure dans le but de blesser, comme par exemple (Darder, six (6) pouces, instigateur de bataille, etc.):\n<ol>\n<li>Le joueur sera EXPULS\u00c9 DU TOURNOI.<\/li>\n\n\n\n<li>Aucun prot\u00eat ne sera permis.<\/li>\n\n\n\n<li>Aucun jeu contact ne sera tol\u00e9r\u00e9 lors du tournoi.<\/li>\n<\/ol>\n<\/li>\n\n\n\n<li class=\"has-medium-font-size\">Le lancer-frapp\u00e9 ne sera permis que si les deux (2) \u00e9quipes l\u2019acceptent;<\/li>\n\n\n\n<li class=\"has-medium-font-size\">Toutes les punitions sont chronom\u00e9tr\u00e9es (mineures et majeures);<\/li>\n\n\n\n<li class=\"has-medium-font-size\">Si un gardien se blesse, dix (10) minutes seront allou\u00e9es pour habiller un joueur et prendre sa place;<\/li>\n\n\n\n<li class=\"has-medium-font-size\">Aucun joueur ne peut jouer dans deux (2) classes ou deux (2) \u00e9quipes \u00e0 la fois lors du tournoi;<\/li>\n\n\n\n<li class=\"has-medium-font-size\">Si deux (2) \u00e9quipes ont la m\u00eame couleur de chandail, la direction du  tournoi verra \u00e0 fournir un ensemble distinct \u00e0 l\u2019\u00e9quipe tir\u00e9e au hasard;<\/li>\n\n\n\n<li class=\"has-medium-font-size\">Apr\u00e8s trois (3) p\u00e9riodes, s\u2019il y a \u00e9galit\u00e9, trois (3) lancer de chaque c\u00f4t\u00e9  d\u00e9termineront le gagnant.\n<ol>\n<li>Par la suite, un (1) lancer de chaque c\u00f4t\u00e9 si  l\u2019\u00e9galit\u00e9 persiste.<\/li>\n\n\n\n<li>Les lancers devront \u00eatre effectu\u00e9s par des  joueurs diff\u00e9rents.<\/li>\n\n\n\n<li>Les joueurs en punition ne pourront effectuer de  lancer.<\/li>\n\n\n\n<li>Si n\u00e9cessaire, les finales A et B auront une p\u00e9riode suppl\u00e9mentaire de cinq (5)  minutes chronom\u00e9tr\u00e9es suivi des lancer;<\/li>\n<\/ol>\n<\/li>\n\n\n\n<li class=\"has-medium-font-size\">La direction du tournoi se r\u00e9serve le droit de modifier tout r\u00e8glement pour la s\u00e9curit\u00e9 et la bonne d\u00e9marche du tournoi.<\/li>\n<\/ol>\n","protected":false},"excerpt":{"rendered":"","protected":false},"author":4,"featured_media":235,"parent":0,"menu_order":0,"comment_status":"closed","ping_status":"closed","template":"","meta":{"footnotes":""},"yoast_head":"<!-- This site is optimized with the Yoast SEO plugin v24.5 - https:\/\/yoast.com\/wordpress\/plugins\/seo\/ -->\n<title>R\u00e9glementation du tournoi de hockey - Ar\u00e9na Fernand-Asselin<\/title>\n<meta name=\"robots\" content=\"index, follow, max-snippet:-1, max-image-preview:large, max-video-preview:-1\" \/>\n<link rel=\"canonical\" href=\"https:\/\/arenafernandasselin.com\/?page_id=567\" \/>\n<meta property=\"og:locale\" content=\"fr_CA\" \/>\n<meta property=\"og:type\" content=\"article\" \/>\n<meta property=\"og:title\" content=\"R\u00e9glementation du tournoi de hockey - Ar\u00e9na Fernand-Asselin\" \/>\n<meta property=\"og:url\" content=\"https:\/\/arenafernandasselin.com\/?page_id=567\" \/>\n<meta property=\"og:site_name\" content=\"Ar\u00e9na Fernand-Asselin\" \/>\n<meta property=\"article:modified_time\" content=\"2023-12-03T21:43:47+00:00\" \/>\n<meta property=\"og:image\" content=\"https:\/\/arenafernandasselin.com\/wp-content\/uploads\/2019\/07\/5d37914525e71.png\" \/>\n\t<meta property=\"og:image:width\" content=\"1024\" \/>\n\t<meta property=\"og:image:height\" content=\"682\" \/>\n\t<meta property=\"og:image:type\" content=\"image\/png\" \/>\n<meta name=\"twitter:card\" content=\"summary_large_image\" \/>\n<meta name=\"twitter:label1\" content=\"Estimation du temps de lecture\" \/>\n\t<meta name=\"twitter:data1\" content=\"3 minutes\" \/>\n<script type=\"application\/ld+json\" class=\"yoast-schema-graph\">{\"@context\":\"https:\/\/schema.org\",\"@graph\":[{\"@type\":\"WebPage\",\"@id\":\"https:\/\/arenafernandasselin.com\/?page_id=567\",\"url\":\"https:\/\/arenafernandasselin.com\/?page_id=567\",\"name\":\"R\u00e9glementation du tournoi de hockey - Ar\u00e9na Fernand-Asselin\",\"isPartOf\":{\"@id\":\"https:\/\/arenafernandasselin.com\/#website\"},\"primaryImageOfPage\":{\"@id\":\"https:\/\/arenafernandasselin.com\/?page_id=567#primaryimage\"},\"image\":{\"@id\":\"https:\/\/arenafernandasselin.com\/?page_id=567#primaryimage\"},\"thumbnailUrl\":\"https:\/\/arenafernandasselin.com\/wp-content\/uploads\/2019\/07\/5d37914525e71.png\",\"datePublished\":\"2019-08-05T20:52:18+00:00\",\"dateModified\":\"2023-12-03T21:43:47+00:00\",\"breadcrumb\":{\"@id\":\"https:\/\/arenafernandasselin.com\/?page_id=567#breadcrumb\"},\"inLanguage\":\"fr-CA\",\"potentialAction\":[{\"@type\":\"ReadAction\",\"target\":[\"https:\/\/arenafernandasselin.com\/?page_id=567\"]}]},{\"@type\":\"ImageObject\",\"inLanguage\":\"fr-CA\",\"@id\":\"https:\/\/arenafernandasselin.com\/?page_id=567#primaryimage\",\"url\":\"https:\/\/arenafernandasselin.com\/wp-content\/uploads\/2019\/07\/5d37914525e71.png\",\"contentUrl\":\"https:\/\/arenafernandasselin.com\/wp-content\/uploads\/2019\/07\/5d37914525e71.png\",\"width\":1024,\"height\":682},{\"@type\":\"BreadcrumbList\",\"@id\":\"https:\/\/arenafernandasselin.com\/?page_id=567#breadcrumb\",\"itemListElement\":[{\"@type\":\"ListItem\",\"position\":1,\"name\":\"Accueil\",\"item\":\"https:\/\/arenafernandasselin.com\/\"},{\"@type\":\"ListItem\",\"position\":2,\"name\":\"R\u00e9glementation du tournoi de hockey\"}]},{\"@type\":\"WebSite\",\"@id\":\"https:\/\/arenafernandasselin.com\/#website\",\"url\":\"https:\/\/arenafernandasselin.com\/\",\"name\":\"Ar\u00e9na Fernand-Asselin\",\"description\":\"L&#039;endroit le plus cool de Trois-Rivi\u00e8res!\",\"publisher\":{\"@id\":\"https:\/\/arenafernandasselin.com\/#organization\"},\"potentialAction\":[{\"@type\":\"SearchAction\",\"target\":{\"@type\":\"EntryPoint\",\"urlTemplate\":\"https:\/\/arenafernandasselin.com\/?s={search_term_string}\"},\"query-input\":{\"@type\":\"PropertyValueSpecification\",\"valueRequired\":true,\"valueName\":\"search_term_string\"}}],\"inLanguage\":\"fr-CA\"},{\"@type\":\"Organization\",\"@id\":\"https:\/\/arenafernandasselin.com\/#organization\",\"name\":\"Ar\u00e9na Fernand-Asselin\",\"url\":\"https:\/\/arenafernandasselin.com\/\",\"logo\":{\"@type\":\"ImageObject\",\"inLanguage\":\"fr-CA\",\"@id\":\"https:\/\/arenafernandasselin.com\/#\/schema\/logo\/image\/\",\"url\":\"https:\/\/arenafernandasselin.com\/wp-content\/uploads\/2019\/07\/arenalogo.png\",\"contentUrl\":\"https:\/\/arenafernandasselin.com\/wp-content\/uploads\/2019\/07\/arenalogo.png\",\"width\":835,\"height\":80,\"caption\":\"Ar\u00e9na Fernand-Asselin\"},\"image\":{\"@id\":\"https:\/\/arenafernandasselin.com\/#\/schema\/logo\/image\/\"}}]}<\/script>\n<!-- \/ Yoast SEO plugin. -->","yoast_head_json":{"title":"R\u00e9glementation du tournoi de hockey - Ar\u00e9na Fernand-Asselin","robots":{"index":"index","follow":"follow","max-snippet":"max-snippet:-1","max-image-preview":"max-image-preview:large","max-video-preview":"max-video-preview:-1"},"canonical":"https:\/\/arenafernandasselin.com\/?page_id=567","og_locale":"fr_CA","og_type":"article","og_title":"R\u00e9glementation du tournoi de hockey - Ar\u00e9na Fernand-Asselin","og_url":"https:\/\/arenafernandasselin.com\/?page_id=567","og_site_name":"Ar\u00e9na Fernand-Asselin","article_modified_time":"2023-12-03T21:43:47+00:00","og_image":[{"width":1024,"height":682,"url":"https:\/\/arenafernandasselin.com\/wp-content\/uploads\/2019\/07\/5d37914525e71.png","type":"image\/png"}],"twitter_card":"summary_large_image","twitter_misc":{"Estimation du temps de lecture":"3 minutes"},"schema":{"@context":"https:\/\/schema.org","@graph":[{"@type":"WebPage","@id":"https:\/\/arenafernandasselin.com\/?page_id=567","url":"https:\/\/arenafernandasselin.com\/?page_id=567","name":"R\u00e9glementation du tournoi de hockey - Ar\u00e9na Fernand-Asselin","isPartOf":{"@id":"https:\/\/arenafernandasselin.com\/#website"},"primaryImageOfPage":{"@id":"https:\/\/arenafernandasselin.com\/?page_id=567#primaryimage"},"image":{"@id":"https:\/\/arenafernandasselin.com\/?page_id=567#primaryimage"},"thumbnailUrl":"https:\/\/arenafernandasselin.com\/wp-content\/uploads\/2019\/07\/5d37914525e71.png","datePublished":"2019-08-05T20:52:18+00:00","dateModified":"2023-12-03T21:43:47+00:00","breadcrumb":{"@id":"https:\/\/arenafernandasselin.com\/?page_id=567#breadcrumb"},"inLanguage":"fr-CA","potentialAction":[{"@type":"ReadAction","target":["https:\/\/arenafernandasselin.com\/?page_id=567"]}]},{"@type":"ImageObject","inLanguage":"fr-CA","@id":"https:\/\/arenafernandasselin.com\/?page_id=567#primaryimage","url":"https:\/\/arenafernandasselin.com\/wp-content\/uploads\/2019\/07\/5d37914525e71.png","contentUrl":"https:\/\/arenafernandasselin.com\/wp-content\/uploads\/2019\/07\/5d37914525e71.png","width":1024,"height":682},{"@type":"BreadcrumbList","@id":"https:\/\/arenafernandasselin.com\/?page_id=567#breadcrumb","itemListElement":[{"@type":"ListItem","position":1,"name":"Accueil","item":"https:\/\/arenafernandasselin.com\/"},{"@type":"ListItem","position":2,"name":"R\u00e9glementation du tournoi de hockey"}]},{"@type":"WebSite","@id":"https:\/\/arenafernandasselin.com\/#website","url":"https:\/\/arenafernandasselin.com\/","name":"Ar\u00e9na Fernand-Asselin","description":"L&#039;endroit le plus cool de Trois-Rivi\u00e8res!","publisher":{"@id":"https:\/\/arenafernandasselin.com\/#organization"},"potentialAction":[{"@type":"SearchAction","target":{"@type":"EntryPoint","urlTemplate":"https:\/\/arenafernandasselin.com\/?s={search_term_string}"},"query-input":{"@type":"PropertyValueSpecification","valueRequired":true,"valueName":"search_term_string"}}],"inLanguage":"fr-CA"},{"@type":"Organization","@id":"https:\/\/arenafernandasselin.com\/#organization","name":"Ar\u00e9na Fernand-Asselin","url":"https:\/\/arenafernandasselin.com\/","logo":{"@type":"ImageObject","inLanguage":"fr-CA","@id":"https:\/\/arenafernandasselin.com\/#\/schema\/logo\/image\/","url":"https:\/\/arenafernandasselin.com\/wp-content\/uploads\/2019\/07\/arenalogo.png","contentUrl":"https:\/\/arenafernandasselin.com\/wp-content\/uploads\/2019\/07\/arenalogo.png","width":835,"height":80,"caption":"Ar\u00e9na Fernand-Asselin"},"image":{"@id":"https:\/\/arenafernandasselin.com\/#\/schema\/logo\/image\/"}}]}},"_links":{"self":[{"href":"https:\/\/arenafernandasselin.com\/index.php?rest_route=\/wp\/v2\/pages\/567"}],"collection":[{"href":"https:\/\/arenafernandasselin.com\/index.php?rest_route=\/wp\/v2\/pages"}],"about":[{"href":"https:\/\/arenafernandasselin.com\/index.php?rest_route=\/wp\/v2\/types\/page"}],"author":[{"embeddable":true,"href":"https:\/\/arenafernandasselin.com\/index.php?rest_route=\/wp\/v2\/users\/4"}],"replies":[{"embeddable":true,"href":"https:\/\/arenafernandasselin.com\/index.php?rest_route=%2Fwp%2Fv2%2Fcomments&post=567"}],"version-history":[{"count":4,"href":"https:\/\/arenafernandasselin.com\/index.php?rest_route=\/wp\/v2\/pages\/567\/revisions"}],"predecessor-version":[{"id":952,"href":"https:\/\/arenafernandasselin.com\/index.php?rest_route=\/wp\/v2\/pages\/567\/revisions\/952"}],"wp:featuredmedia":[{"embeddable":true,"href":"https:\/\/arenafernandasselin.com\/index.php?rest_route=\/wp\/v2\/media\/235"}],"wp:attachment":[{"href":"https:\/\/arenafernandasselin.com\/index.php?rest_route=%2Fwp%2Fv2%2Fmedia&parent=567"}],"curies":[{"name":"wp","href":"https:\/\/api.w.org\/{rel}","templated":true}]}}