{"id":614,"date":"2019-08-05T21:21:32","date_gmt":"2019-08-06T01:21:32","guid":{"rendered":"http:\/\/dev.arenafernandasselin.com\/?page_id=614"},"modified":"2026-01-19T11:12:08","modified_gmt":"2026-01-19T16:12:08","slug":"formulaire-dinscription-de-lequipe-des-tournois","status":"publish","type":"page","link":"https:\/\/arenafernandasselin.com\/?page_id=614","title":{"rendered":"Formulaire d&rsquo;inscription de l&rsquo;\u00e9quipe des tournois"},"content":{"rendered":"\n<p class=\"has-medium-font-size\"><strong>Formulaire d&rsquo;inscription de l&rsquo;\u00e9quipe pour un tournoi \u00e0 l&rsquo;ar\u00e9na Fernand-Asselin<\/strong><\/p>\n\n\n\n<p class=\"has-medium-font-size\">Pour officialiser votre inscription \u00e0 un de nos tournoi de hockey adulte amateur, vous devez remplir le formulaire ci-dessous. Cliquer sur le bouton envoyer une fois toutes les champs requis sont remplies. VOUS DEVEZ ASSURER VOTRE PLACE EN EFFECTUANT UN VIREMENT INTERAC DE 650$+TX (747,50$) EN UTILISANT L&rsquo;ADRESSE COURRIEL ARENA.ASSELIN@GMAIL.COM (question de s\u00e9curit\u00e9: tournoi)<\/p>\n\n\n\n<p class=\"has-text-align-center has-medium-font-size\"><strong>27e tournoi du 1 au 3 Mai 2026<\/strong><\/p>\n\n\n\n<div class=\"wpcf7 no-js\" id=\"wpcf7-f482-o1\" lang=\"fr-CA\" dir=\"ltr\">\n<div class=\"screen-reader-response\"><p role=\"status\" aria-live=\"polite\" aria-atomic=\"true\"><\/p> <ul><\/ul><\/div>\n<form action=\"\/index.php?rest_route=%2Fwp%2Fv2%2Fpages%2F614#wpcf7-f482-o1\" method=\"post\" class=\"wpcf7-form init\" aria-label=\"Contact form\" novalidate=\"novalidate\" data-status=\"init\">\n<div style=\"display: none;\">\n<input type=\"hidden\" name=\"_wpcf7\" value=\"482\" \/>\n<input type=\"hidden\" name=\"_wpcf7_version\" value=\"5.9.8\" \/>\n<input type=\"hidden\" name=\"_wpcf7_locale\" value=\"fr_CA\" \/>\n<input type=\"hidden\" name=\"_wpcf7_unit_tag\" value=\"wpcf7-f482-o1\" \/>\n<input type=\"hidden\" name=\"_wpcf7_container_post\" value=\"0\" \/>\n<input type=\"hidden\" name=\"_wpcf7_posted_data_hash\" value=\"\" \/>\n<\/div>\n<p>27e tournoi OPEN du 1 au 3 Mai 2026\n<\/p>\n<p><label> Nom de l'\u00e9quipe<br \/>\n<span class=\"wpcf7-form-control-wrap\" data-name=\"nom-equipe\"><input size=\"40\" maxlength=\"400\" class=\"wpcf7-form-control wpcf7-text wpcf7-validates-as-required\" aria-required=\"true\" aria-invalid=\"false\" value=\"\" type=\"text\" name=\"nom-equipe\" \/><\/span> <\/label>\n<\/p>\n<p><label> Votre pr\u00e9nom et nom<br \/>\n<span class=\"wpcf7-form-control-wrap\" data-name=\"nom\"><input size=\"40\" maxlength=\"400\" class=\"wpcf7-form-control wpcf7-text wpcf7-validates-as-required\" aria-required=\"true\" aria-invalid=\"false\" value=\"\" type=\"text\" name=\"nom\" \/><\/span> <\/label>\n<\/p>\n<p><label> Adresse postale<br \/>\n<span class=\"wpcf7-form-control-wrap\" data-name=\"adresse\"><input size=\"40\" maxlength=\"400\" class=\"wpcf7-form-control wpcf7-text wpcf7-validates-as-required\" aria-required=\"true\" aria-invalid=\"false\" value=\"\" type=\"text\" name=\"adresse\" \/><\/span> <\/label>\n<\/p>\n<p><label> Ville d'origine de l'\u00e9quipe<br \/>\n<span class=\"wpcf7-form-control-wrap\" data-name=\"ville\"><input size=\"40\" maxlength=\"400\" class=\"wpcf7-form-control wpcf7-text wpcf7-validates-as-required\" aria-required=\"true\" aria-invalid=\"false\" value=\"\" type=\"text\" name=\"ville\" \/><\/span> <\/label>\n<\/p>\n<p><label> Votre courriel<br \/>\n<span class=\"wpcf7-form-control-wrap\" data-name=\"your-email\"><input size=\"40\" maxlength=\"400\" class=\"wpcf7-form-control wpcf7-email wpcf7-validates-as-required wpcf7-text wpcf7-validates-as-email\" aria-required=\"true\" aria-invalid=\"false\" value=\"\" type=\"email\" name=\"your-email\" \/><\/span> <\/label>\n<\/p>\n<p>-------------------------------------\n<\/p>\n<p><label> Couleur des chandails de votre \u00e9quipe<br \/>\n<span class=\"wpcf7-form-control-wrap\" data-name=\"couleur\"><input size=\"40\" maxlength=\"400\" class=\"wpcf7-form-control wpcf7-text wpcf7-validates-as-required\" aria-required=\"true\" aria-invalid=\"false\" value=\"\" type=\"text\" name=\"couleur\" \/><\/span> <\/label>\n<\/p>\n<p><label> Couleur de votre 2e set de chandails (optionnel)<br \/>\n<span class=\"wpcf7-form-control-wrap\" data-name=\"couleur2\"><input size=\"40\" maxlength=\"400\" class=\"wpcf7-form-control wpcf7-text\" aria-invalid=\"false\" value=\"\" type=\"text\" name=\"couleur2\" \/><\/span> <\/label>\n<\/p>\n<p><label> Num\u00e9ro de t\u00e9l\u00e9phone (obligatoire)<br \/>\n<span class=\"wpcf7-form-control-wrap\" data-name=\"your-message\"><textarea cols=\"40\" rows=\"10\" maxlength=\"2000\" class=\"wpcf7-form-control wpcf7-textarea\" aria-invalid=\"false\" name=\"your-message\"><\/textarea><\/span> <\/label>\n<\/p>\n<p><span class=\"wpcf7-form-control-wrap\" data-name=\"acceptance-97\"><span class=\"wpcf7-form-control wpcf7-acceptance\"><span class=\"wpcf7-list-item\"><label><input type=\"checkbox\" name=\"acceptance-97\" value=\"1\" aria-invalid=\"false\" \/><span class=\"wpcf7-list-item-label\">J'affirme avoir lu et pris connaissance des r\u00e8glements du tournoi et de l'ar\u00e9na<\/span><\/label><\/span><\/span><\/span>\n<\/p>\n<p><span class=\"wpcf7-form-control-wrap\" data-name=\"acceptance-98\"><span class=\"wpcf7-form-control wpcf7-acceptance\"><span class=\"wpcf7-list-item\"><label><input type=\"checkbox\" name=\"acceptance-98\" value=\"1\" aria-invalid=\"false\" \/><span class=\"wpcf7-list-item-label\">Je m\u2019engage \u00e0 participer avec mon \u00e9quipe \u00e0 ce tournoi de hockey<\/span><\/label><\/span><\/span><\/span>\n<\/p>\n<p><input class=\"wpcf7-form-control wpcf7-submit has-spinner\" type=\"submit\" value=\"Envoyer\" \/>\n<\/p><div class=\"wpcf7-response-output\" aria-hidden=\"true\"><\/div>\n<\/form>\n<\/div>\n\n","protected":false},"excerpt":{"rendered":"<p>Formulaire d&rsquo;inscription de l&rsquo;\u00e9quipe pour un tournoi \u00e0 l&rsquo;ar\u00e9na Fernand-Asselin Pour officialiser votre inscription \u00e0 un de nos tournoi de hockey adulte amateur, vous devez remplir le formulaire ci-dessous. Cliquer sur le bouton envoyer une fois toutes les champs requis sont remplies. VOUS DEVEZ ASSURER VOTRE PLACE EN EFFECTUANT UN VIREMENT INTERAC DE 650$+TX (747,50$) EN UTILISANT L&rsquo;ADRESSE COURRIEL ARENA.ASSELIN@GMAIL.COM &#8230;<\/p>\n","protected":false},"author":1,"featured_media":0,"parent":0,"menu_order":0,"comment_status":"closed","ping_status":"closed","template":"","meta":{"footnotes":""},"yoast_head":"<!-- This site is optimized with the Yoast SEO plugin v24.5 - https:\/\/yoast.com\/wordpress\/plugins\/seo\/ -->\n<title>Formulaire d&#039;inscription de l&#039;\u00e9quipe des tournois - Ar\u00e9na Fernand-Asselin<\/title>\n<meta name=\"robots\" content=\"index, follow, max-snippet:-1, max-image-preview:large, max-video-preview:-1\" \/>\n<link rel=\"canonical\" href=\"https:\/\/arenafernandasselin.com\/?page_id=614\" \/>\n<meta property=\"og:locale\" content=\"fr_CA\" \/>\n<meta property=\"og:type\" content=\"article\" \/>\n<meta property=\"og:title\" content=\"Formulaire d&#039;inscription de l&#039;\u00e9quipe des tournois - Ar\u00e9na Fernand-Asselin\" \/>\n<meta property=\"og:description\" content=\"Formulaire d&rsquo;inscription de l&rsquo;\u00e9quipe pour un tournoi \u00e0 l&rsquo;ar\u00e9na Fernand-Asselin Pour officialiser votre inscription \u00e0 un de nos tournoi de hockey adulte amateur, vous devez remplir le formulaire ci-dessous. Cliquer sur le bouton envoyer une fois toutes les champs requis sont remplies. VOUS DEVEZ ASSURER VOTRE PLACE EN EFFECTUANT UN VIREMENT INTERAC DE 650$+TX (747,50$) EN UTILISANT L&rsquo;ADRESSE COURRIEL ARENA.ASSELIN@GMAIL.COM ...\" \/>\n<meta property=\"og:url\" content=\"https:\/\/arenafernandasselin.com\/?page_id=614\" \/>\n<meta property=\"og:site_name\" content=\"Ar\u00e9na Fernand-Asselin\" \/>\n<meta property=\"article:modified_time\" content=\"2026-01-19T16:12:08+00:00\" \/>\n<meta name=\"twitter:card\" content=\"summary_large_image\" \/>\n<meta name=\"twitter:label1\" content=\"Estimation du temps de lecture\" \/>\n\t<meta name=\"twitter:data1\" content=\"1 minute\" \/>\n<script type=\"application\/ld+json\" class=\"yoast-schema-graph\">{\"@context\":\"https:\/\/schema.org\",\"@graph\":[{\"@type\":\"WebPage\",\"@id\":\"https:\/\/arenafernandasselin.com\/?page_id=614\",\"url\":\"https:\/\/arenafernandasselin.com\/?page_id=614\",\"name\":\"Formulaire d'inscription de l'\u00e9quipe des tournois - Ar\u00e9na Fernand-Asselin\",\"isPartOf\":{\"@id\":\"https:\/\/arenafernandasselin.com\/#website\"},\"datePublished\":\"2019-08-06T01:21:32+00:00\",\"dateModified\":\"2026-01-19T16:12:08+00:00\",\"breadcrumb\":{\"@id\":\"https:\/\/arenafernandasselin.com\/?page_id=614#breadcrumb\"},\"inLanguage\":\"fr-CA\",\"potentialAction\":[{\"@type\":\"ReadAction\",\"target\":[\"https:\/\/arenafernandasselin.com\/?page_id=614\"]}]},{\"@type\":\"BreadcrumbList\",\"@id\":\"https:\/\/arenafernandasselin.com\/?page_id=614#breadcrumb\",\"itemListElement\":[{\"@type\":\"ListItem\",\"position\":1,\"name\":\"Accueil\",\"item\":\"https:\/\/arenafernandasselin.com\/\"},{\"@type\":\"ListItem\",\"position\":2,\"name\":\"Formulaire d&rsquo;inscription de l&rsquo;\u00e9quipe des tournois\"}]},{\"@type\":\"WebSite\",\"@id\":\"https:\/\/arenafernandasselin.com\/#website\",\"url\":\"https:\/\/arenafernandasselin.com\/\",\"name\":\"Ar\u00e9na Fernand-Asselin\",\"description\":\"L&#039;endroit le plus cool de Trois-Rivi\u00e8res!\",\"publisher\":{\"@id\":\"https:\/\/arenafernandasselin.com\/#organization\"},\"potentialAction\":[{\"@type\":\"SearchAction\",\"target\":{\"@type\":\"EntryPoint\",\"urlTemplate\":\"https:\/\/arenafernandasselin.com\/?s={search_term_string}\"},\"query-input\":{\"@type\":\"PropertyValueSpecification\",\"valueRequired\":true,\"valueName\":\"search_term_string\"}}],\"inLanguage\":\"fr-CA\"},{\"@type\":\"Organization\",\"@id\":\"https:\/\/arenafernandasselin.com\/#organization\",\"name\":\"Ar\u00e9na Fernand-Asselin\",\"url\":\"https:\/\/arenafernandasselin.com\/\",\"logo\":{\"@type\":\"ImageObject\",\"inLanguage\":\"fr-CA\",\"@id\":\"https:\/\/arenafernandasselin.com\/#\/schema\/logo\/image\/\",\"url\":\"https:\/\/arenafernandasselin.com\/wp-content\/uploads\/2019\/07\/arenalogo.png\",\"contentUrl\":\"https:\/\/arenafernandasselin.com\/wp-content\/uploads\/2019\/07\/arenalogo.png\",\"width\":835,\"height\":80,\"caption\":\"Ar\u00e9na Fernand-Asselin\"},\"image\":{\"@id\":\"https:\/\/arenafernandasselin.com\/#\/schema\/logo\/image\/\"}}]}<\/script>\n<!-- \/ Yoast SEO plugin. -->","yoast_head_json":{"title":"Formulaire d'inscription de l'\u00e9quipe des tournois - Ar\u00e9na Fernand-Asselin","robots":{"index":"index","follow":"follow","max-snippet":"max-snippet:-1","max-image-preview":"max-image-preview:large","max-video-preview":"max-video-preview:-1"},"canonical":"https:\/\/arenafernandasselin.com\/?page_id=614","og_locale":"fr_CA","og_type":"article","og_title":"Formulaire d'inscription de l'\u00e9quipe des tournois - Ar\u00e9na Fernand-Asselin","og_description":"Formulaire d&rsquo;inscription de l&rsquo;\u00e9quipe pour un tournoi \u00e0 l&rsquo;ar\u00e9na Fernand-Asselin Pour officialiser votre inscription \u00e0 un de nos tournoi de hockey adulte amateur, vous devez remplir le formulaire ci-dessous. Cliquer sur le bouton envoyer une fois toutes les champs requis sont remplies. VOUS DEVEZ ASSURER VOTRE PLACE EN EFFECTUANT UN VIREMENT INTERAC DE 650$+TX (747,50$) EN UTILISANT L&rsquo;ADRESSE COURRIEL ARENA.ASSELIN@GMAIL.COM ...","og_url":"https:\/\/arenafernandasselin.com\/?page_id=614","og_site_name":"Ar\u00e9na Fernand-Asselin","article_modified_time":"2026-01-19T16:12:08+00:00","twitter_card":"summary_large_image","twitter_misc":{"Estimation du temps de lecture":"1 minute"},"schema":{"@context":"https:\/\/schema.org","@graph":[{"@type":"WebPage","@id":"https:\/\/arenafernandasselin.com\/?page_id=614","url":"https:\/\/arenafernandasselin.com\/?page_id=614","name":"Formulaire d'inscription de l'\u00e9quipe des tournois - Ar\u00e9na Fernand-Asselin","isPartOf":{"@id":"https:\/\/arenafernandasselin.com\/#website"},"datePublished":"2019-08-06T01:21:32+00:00","dateModified":"2026-01-19T16:12:08+00:00","breadcrumb":{"@id":"https:\/\/arenafernandasselin.com\/?page_id=614#breadcrumb"},"inLanguage":"fr-CA","potentialAction":[{"@type":"ReadAction","target":["https:\/\/arenafernandasselin.com\/?page_id=614"]}]},{"@type":"BreadcrumbList","@id":"https:\/\/arenafernandasselin.com\/?page_id=614#breadcrumb","itemListElement":[{"@type":"ListItem","position":1,"name":"Accueil","item":"https:\/\/arenafernandasselin.com\/"},{"@type":"ListItem","position":2,"name":"Formulaire d&rsquo;inscription de l&rsquo;\u00e9quipe des tournois"}]},{"@type":"WebSite","@id":"https:\/\/arenafernandasselin.com\/#website","url":"https:\/\/arenafernandasselin.com\/","name":"Ar\u00e9na Fernand-Asselin","description":"L&#039;endroit le plus cool de Trois-Rivi\u00e8res!","publisher":{"@id":"https:\/\/arenafernandasselin.com\/#organization"},"potentialAction":[{"@type":"SearchAction","target":{"@type":"EntryPoint","urlTemplate":"https:\/\/arenafernandasselin.com\/?s={search_term_string}"},"query-input":{"@type":"PropertyValueSpecification","valueRequired":true,"valueName":"search_term_string"}}],"inLanguage":"fr-CA"},{"@type":"Organization","@id":"https:\/\/arenafernandasselin.com\/#organization","name":"Ar\u00e9na Fernand-Asselin","url":"https:\/\/arenafernandasselin.com\/","logo":{"@type":"ImageObject","inLanguage":"fr-CA","@id":"https:\/\/arenafernandasselin.com\/#\/schema\/logo\/image\/","url":"https:\/\/arenafernandasselin.com\/wp-content\/uploads\/2019\/07\/arenalogo.png","contentUrl":"https:\/\/arenafernandasselin.com\/wp-content\/uploads\/2019\/07\/arenalogo.png","width":835,"height":80,"caption":"Ar\u00e9na Fernand-Asselin"},"image":{"@id":"https:\/\/arenafernandasselin.com\/#\/schema\/logo\/image\/"}}]}},"_links":{"self":[{"href":"https:\/\/arenafernandasselin.com\/index.php?rest_route=\/wp\/v2\/pages\/614"}],"collection":[{"href":"https:\/\/arenafernandasselin.com\/index.php?rest_route=\/wp\/v2\/pages"}],"about":[{"href":"https:\/\/arenafernandasselin.com\/index.php?rest_route=\/wp\/v2\/types\/page"}],"author":[{"embeddable":true,"href":"https:\/\/arenafernandasselin.com\/index.php?rest_route=\/wp\/v2\/users\/1"}],"replies":[{"embeddable":true,"href":"https:\/\/arenafernandasselin.com\/index.php?rest_route=%2Fwp%2Fv2%2Fcomments&post=614"}],"version-history":[{"count":14,"href":"https:\/\/arenafernandasselin.com\/index.php?rest_route=\/wp\/v2\/pages\/614\/revisions"}],"predecessor-version":[{"id":1032,"href":"https:\/\/arenafernandasselin.com\/index.php?rest_route=\/wp\/v2\/pages\/614\/revisions\/1032"}],"wp:attachment":[{"href":"https:\/\/arenafernandasselin.com\/index.php?rest_route=%2Fwp%2Fv2%2Fmedia&parent=614"}],"curies":[{"name":"wp","href":"https:\/\/api.w.org\/{rel}","templated":true}]}}