{"id":933,"date":"2023-12-03T16:13:38","date_gmt":"2023-12-03T21:13:38","guid":{"rendered":"https:\/\/arenafernandasselin.com\/?page_id=933"},"modified":"2026-01-19T11:13:17","modified_gmt":"2026-01-19T16:13:17","slug":"27e-edition-tournoi-de-hockey-amateur-calibre-open-du-1-au-3-mai-2026","status":"publish","type":"page","link":"https:\/\/arenafernandasselin.com\/?page_id=933","title":{"rendered":"27e \u00c9dition &#8211; Tournoi de hockey amateur calibre OPEN d&rsquo;\u00e9t\u00e9 du 1 au 3 mai 2026"},"content":{"rendered":"<div id=\"cs-content\" class=\"cs-content\"><div class=\"x-section e933-e1 mpx-0\"><div class=\"x-row x-container max width e933-e2 mpx-1 mpx-2\"><div class=\"x-row-inner\"><div class=\"x-col e933-e3 mpx-3\"><a class=\"x-anchor x-anchor-button e933-e4 mpx-4\" tabindex=\"0\" href=\"https:\/\/arenafernandasselin.com\/?page_id=614\"><div class=\"x-anchor-content\"><div class=\"x-anchor-text\"><span class=\"x-anchor-text-primary\">Page d'inscription des &eacute;quipes<\/span><\/div><\/div><\/a><\/div><\/div><\/div><\/div><\/div>\n","protected":false},"excerpt":{"rendered":"<p>Page d&rsquo;inscription des &eacute;quipes<\/p>\n","protected":false},"author":1,"featured_media":403,"parent":0,"menu_order":0,"comment_status":"closed","ping_status":"closed","template":"","meta":{"footnotes":""},"yoast_head":"<!-- This site is optimized with the Yoast SEO plugin v24.5 - https:\/\/yoast.com\/wordpress\/plugins\/seo\/ -->\n<title>27e \u00c9dition - Tournoi de hockey amateur calibre OPEN d&#039;\u00e9t\u00e9 du 1 au 3 mai 2026 - Ar\u00e9na Fernand-Asselin<\/title>\n<meta name=\"robots\" content=\"index, follow, max-snippet:-1, max-image-preview:large, max-video-preview:-1\" \/>\n<link rel=\"canonical\" href=\"https:\/\/arenafernandasselin.com\/?page_id=933\" \/>\n<meta property=\"og:locale\" content=\"fr_CA\" \/>\n<meta property=\"og:type\" content=\"article\" \/>\n<meta property=\"og:title\" content=\"27e \u00c9dition - Tournoi de hockey amateur calibre OPEN d&#039;\u00e9t\u00e9 du 1 au 3 mai 2026 - Ar\u00e9na Fernand-Asselin\" \/>\n<meta property=\"og:description\" content=\"Page d&#039;inscription des &eacute;quipes\" \/>\n<meta property=\"og:url\" content=\"https:\/\/arenafernandasselin.com\/?page_id=933\" \/>\n<meta property=\"og:site_name\" content=\"Ar\u00e9na Fernand-Asselin\" \/>\n<meta property=\"article:modified_time\" content=\"2026-01-19T16:13:17+00:00\" \/>\n<meta property=\"og:image\" content=\"https:\/\/arenafernandasselin.com\/wp-content\/uploads\/2019\/07\/5d394243712cf.png\" \/>\n\t<meta property=\"og:image:width\" content=\"1024\" \/>\n\t<meta property=\"og:image:height\" content=\"683\" \/>\n\t<meta property=\"og:image:type\" content=\"image\/png\" \/>\n<meta name=\"twitter:card\" content=\"summary_large_image\" \/>\n<meta name=\"twitter:label1\" content=\"Estimation du temps de lecture\" \/>\n\t<meta name=\"twitter:data1\" content=\"3 minutes\" \/>\n<script type=\"application\/ld+json\" class=\"yoast-schema-graph\">{\"@context\":\"https:\/\/schema.org\",\"@graph\":[{\"@type\":\"WebPage\",\"@id\":\"https:\/\/arenafernandasselin.com\/?page_id=933\",\"url\":\"https:\/\/arenafernandasselin.com\/?page_id=933\",\"name\":\"27e \u00c9dition - Tournoi de hockey amateur calibre OPEN d'\u00e9t\u00e9 du 1 au 3 mai 2026 - Ar\u00e9na Fernand-Asselin\",\"isPartOf\":{\"@id\":\"https:\/\/arenafernandasselin.com\/#website\"},\"primaryImageOfPage\":{\"@id\":\"https:\/\/arenafernandasselin.com\/?page_id=933#primaryimage\"},\"image\":{\"@id\":\"https:\/\/arenafernandasselin.com\/?page_id=933#primaryimage\"},\"thumbnailUrl\":\"https:\/\/arenafernandasselin.com\/wp-content\/uploads\/2019\/07\/5d394243712cf.png\",\"datePublished\":\"2023-12-03T21:13:38+00:00\",\"dateModified\":\"2026-01-19T16:13:17+00:00\",\"breadcrumb\":{\"@id\":\"https:\/\/arenafernandasselin.com\/?page_id=933#breadcrumb\"},\"inLanguage\":\"fr-CA\",\"potentialAction\":[{\"@type\":\"ReadAction\",\"target\":[\"https:\/\/arenafernandasselin.com\/?page_id=933\"]}]},{\"@type\":\"ImageObject\",\"inLanguage\":\"fr-CA\",\"@id\":\"https:\/\/arenafernandasselin.com\/?page_id=933#primaryimage\",\"url\":\"https:\/\/arenafernandasselin.com\/wp-content\/uploads\/2019\/07\/5d394243712cf.png\",\"contentUrl\":\"https:\/\/arenafernandasselin.com\/wp-content\/uploads\/2019\/07\/5d394243712cf.png\",\"width\":1024,\"height\":683},{\"@type\":\"BreadcrumbList\",\"@id\":\"https:\/\/arenafernandasselin.com\/?page_id=933#breadcrumb\",\"itemListElement\":[{\"@type\":\"ListItem\",\"position\":1,\"name\":\"Accueil\",\"item\":\"https:\/\/arenafernandasselin.com\/\"},{\"@type\":\"ListItem\",\"position\":2,\"name\":\"27e \u00c9dition &#8211; Tournoi de hockey amateur calibre OPEN d&rsquo;\u00e9t\u00e9 du 1 au 3 mai 2026\"}]},{\"@type\":\"WebSite\",\"@id\":\"https:\/\/arenafernandasselin.com\/#website\",\"url\":\"https:\/\/arenafernandasselin.com\/\",\"name\":\"Ar\u00e9na Fernand-Asselin\",\"description\":\"L&#039;endroit le plus cool de Trois-Rivi\u00e8res!\",\"publisher\":{\"@id\":\"https:\/\/arenafernandasselin.com\/#organization\"},\"potentialAction\":[{\"@type\":\"SearchAction\",\"target\":{\"@type\":\"EntryPoint\",\"urlTemplate\":\"https:\/\/arenafernandasselin.com\/?s={search_term_string}\"},\"query-input\":{\"@type\":\"PropertyValueSpecification\",\"valueRequired\":true,\"valueName\":\"search_term_string\"}}],\"inLanguage\":\"fr-CA\"},{\"@type\":\"Organization\",\"@id\":\"https:\/\/arenafernandasselin.com\/#organization\",\"name\":\"Ar\u00e9na Fernand-Asselin\",\"url\":\"https:\/\/arenafernandasselin.com\/\",\"logo\":{\"@type\":\"ImageObject\",\"inLanguage\":\"fr-CA\",\"@id\":\"https:\/\/arenafernandasselin.com\/#\/schema\/logo\/image\/\",\"url\":\"https:\/\/arenafernandasselin.com\/wp-content\/uploads\/2019\/07\/arenalogo.png\",\"contentUrl\":\"https:\/\/arenafernandasselin.com\/wp-content\/uploads\/2019\/07\/arenalogo.png\",\"width\":835,\"height\":80,\"caption\":\"Ar\u00e9na Fernand-Asselin\"},\"image\":{\"@id\":\"https:\/\/arenafernandasselin.com\/#\/schema\/logo\/image\/\"}}]}<\/script>\n<!-- \/ Yoast SEO plugin. -->","yoast_head_json":{"title":"27e \u00c9dition - Tournoi de hockey amateur calibre OPEN d'\u00e9t\u00e9 du 1 au 3 mai 2026 - Ar\u00e9na Fernand-Asselin","robots":{"index":"index","follow":"follow","max-snippet":"max-snippet:-1","max-image-preview":"max-image-preview:large","max-video-preview":"max-video-preview:-1"},"canonical":"https:\/\/arenafernandasselin.com\/?page_id=933","og_locale":"fr_CA","og_type":"article","og_title":"27e \u00c9dition - Tournoi de hockey amateur calibre OPEN d'\u00e9t\u00e9 du 1 au 3 mai 2026 - Ar\u00e9na Fernand-Asselin","og_description":"Page d'inscription des &eacute;quipes","og_url":"https:\/\/arenafernandasselin.com\/?page_id=933","og_site_name":"Ar\u00e9na Fernand-Asselin","article_modified_time":"2026-01-19T16:13:17+00:00","og_image":[{"width":1024,"height":683,"url":"https:\/\/arenafernandasselin.com\/wp-content\/uploads\/2019\/07\/5d394243712cf.png","type":"image\/png"}],"twitter_card":"summary_large_image","twitter_misc":{"Estimation du temps de lecture":"3 minutes"},"schema":{"@context":"https:\/\/schema.org","@graph":[{"@type":"WebPage","@id":"https:\/\/arenafernandasselin.com\/?page_id=933","url":"https:\/\/arenafernandasselin.com\/?page_id=933","name":"27e \u00c9dition - Tournoi de hockey amateur calibre OPEN d'\u00e9t\u00e9 du 1 au 3 mai 2026 - Ar\u00e9na Fernand-Asselin","isPartOf":{"@id":"https:\/\/arenafernandasselin.com\/#website"},"primaryImageOfPage":{"@id":"https:\/\/arenafernandasselin.com\/?page_id=933#primaryimage"},"image":{"@id":"https:\/\/arenafernandasselin.com\/?page_id=933#primaryimage"},"thumbnailUrl":"https:\/\/arenafernandasselin.com\/wp-content\/uploads\/2019\/07\/5d394243712cf.png","datePublished":"2023-12-03T21:13:38+00:00","dateModified":"2026-01-19T16:13:17+00:00","breadcrumb":{"@id":"https:\/\/arenafernandasselin.com\/?page_id=933#breadcrumb"},"inLanguage":"fr-CA","potentialAction":[{"@type":"ReadAction","target":["https:\/\/arenafernandasselin.com\/?page_id=933"]}]},{"@type":"ImageObject","inLanguage":"fr-CA","@id":"https:\/\/arenafernandasselin.com\/?page_id=933#primaryimage","url":"https:\/\/arenafernandasselin.com\/wp-content\/uploads\/2019\/07\/5d394243712cf.png","contentUrl":"https:\/\/arenafernandasselin.com\/wp-content\/uploads\/2019\/07\/5d394243712cf.png","width":1024,"height":683},{"@type":"BreadcrumbList","@id":"https:\/\/arenafernandasselin.com\/?page_id=933#breadcrumb","itemListElement":[{"@type":"ListItem","position":1,"name":"Accueil","item":"https:\/\/arenafernandasselin.com\/"},{"@type":"ListItem","position":2,"name":"27e \u00c9dition &#8211; Tournoi de hockey amateur calibre OPEN d&rsquo;\u00e9t\u00e9 du 1 au 3 mai 2026"}]},{"@type":"WebSite","@id":"https:\/\/arenafernandasselin.com\/#website","url":"https:\/\/arenafernandasselin.com\/","name":"Ar\u00e9na Fernand-Asselin","description":"L&#039;endroit le plus cool de Trois-Rivi\u00e8res!","publisher":{"@id":"https:\/\/arenafernandasselin.com\/#organization"},"potentialAction":[{"@type":"SearchAction","target":{"@type":"EntryPoint","urlTemplate":"https:\/\/arenafernandasselin.com\/?s={search_term_string}"},"query-input":{"@type":"PropertyValueSpecification","valueRequired":true,"valueName":"search_term_string"}}],"inLanguage":"fr-CA"},{"@type":"Organization","@id":"https:\/\/arenafernandasselin.com\/#organization","name":"Ar\u00e9na Fernand-Asselin","url":"https:\/\/arenafernandasselin.com\/","logo":{"@type":"ImageObject","inLanguage":"fr-CA","@id":"https:\/\/arenafernandasselin.com\/#\/schema\/logo\/image\/","url":"https:\/\/arenafernandasselin.com\/wp-content\/uploads\/2019\/07\/arenalogo.png","contentUrl":"https:\/\/arenafernandasselin.com\/wp-content\/uploads\/2019\/07\/arenalogo.png","width":835,"height":80,"caption":"Ar\u00e9na Fernand-Asselin"},"image":{"@id":"https:\/\/arenafernandasselin.com\/#\/schema\/logo\/image\/"}}]}},"_links":{"self":[{"href":"https:\/\/arenafernandasselin.com\/index.php?rest_route=\/wp\/v2\/pages\/933"}],"collection":[{"href":"https:\/\/arenafernandasselin.com\/index.php?rest_route=\/wp\/v2\/pages"}],"about":[{"href":"https:\/\/arenafernandasselin.com\/index.php?rest_route=\/wp\/v2\/types\/page"}],"author":[{"embeddable":true,"href":"https:\/\/arenafernandasselin.com\/index.php?rest_route=\/wp\/v2\/users\/1"}],"replies":[{"embeddable":true,"href":"https:\/\/arenafernandasselin.com\/index.php?rest_route=%2Fwp%2Fv2%2Fcomments&post=933"}],"version-history":[{"count":26,"href":"https:\/\/arenafernandasselin.com\/index.php?rest_route=\/wp\/v2\/pages\/933\/revisions"}],"predecessor-version":[{"id":1033,"href":"https:\/\/arenafernandasselin.com\/index.php?rest_route=\/wp\/v2\/pages\/933\/revisions\/1033"}],"wp:featuredmedia":[{"embeddable":true,"href":"https:\/\/arenafernandasselin.com\/index.php?rest_route=\/wp\/v2\/media\/403"}],"wp:attachment":[{"href":"https:\/\/arenafernandasselin.com\/index.php?rest_route=%2Fwp%2Fv2%2Fmedia&parent=933"}],"curies":[{"name":"wp","href":"https:\/\/api.w.org\/{rel}","templated":true}]}}